{"id":16057,"date":"2023-08-21T17:46:41","date_gmt":"2023-08-21T15:46:41","guid":{"rendered":"https:\/\/www.joguinesbague.com\/sin%20categor\u00eda\/little-unicorn-maletin-maquillaje\/"},"modified":"2023-08-22T08:44:16","modified_gmt":"2023-08-22T06:44:16","slug":"little-unicorn-maletin-maquillaje","status":"publish","type":"product","link":"https:\/\/www.joguinesbague.com\/es\/maquillajes-y-cosmeticos-es\/little-unicorn-maletin-maquillaje\/","title":{"rendered":"Little Unicorn &#8211; Malet\u00edn maquillaje"},"content":{"rendered":"","protected":false},"excerpt":{"rendered":"<p>Malet\u00edn de maquillaje Little Unicorn para llev\u00e1rtelo de un lado para otro sin ning\u00fan problema, contiene dieciocho sombras de ojos de todos los colores del arco\u00edris, cuatro esmaltes de u\u00f1as con purpurina, tres coloretes y dos pintalabios.<br \/>\nLos productos Martinelia est\u00e1n especialmente dise\u00f1ados para ni\u00f1os y ni\u00f1as, no contienen qu\u00edmicos ni parabenos y se pueden retirar con agua tibia.<\/p>\n<p>Adem\u00e1s, lleva un espejo incluido para aplicarte el maquillaje donde quieras.<\/p>\n","protected":false},"featured_media":23405,"template":"","meta":{"_acf_changed":false},"pwb-brand":[315],"product_cat":[318],"product_tag":[],"class_list":{"0":"post-16057","1":"product","2":"type-product","3":"status-publish","4":"has-post-thumbnail","6":"pwb-brand-martinelia-es","7":"product_cat-maquillajes-y-cosmeticos-es","9":"first","10":"instock","11":"shipping-taxable","12":"purchasable","13":"product-type-simple"},"acf":[],"yoast_head":"<!-- This site is optimized with the Yoast SEO plugin v27.2 - https:\/\/yoast.com\/product\/yoast-seo-wordpress\/ -->\n<title>Little Unicorn - Malet\u00edn maquillaje - Joguines Bagu\u00e9<\/title>\n<meta name=\"robots\" content=\"index, follow, max-snippet:-1, max-image-preview:large, max-video-preview:-1\" \/>\n<link rel=\"canonical\" href=\"https:\/\/www.joguinesbague.com\/es\/maquillajes-y-cosmeticos-es\/little-unicorn-maletin-maquillaje\/\" \/>\n<meta property=\"og:locale\" content=\"es_ES\" \/>\n<meta property=\"og:type\" content=\"article\" \/>\n<meta property=\"og:title\" content=\"Little Unicorn - Malet\u00edn maquillaje - Joguines Bagu\u00e9\" \/>\n<meta property=\"og:description\" content=\"Malet\u00edn de maquillaje Little Unicorn para llev\u00e1rtelo de un lado para otro sin ning\u00fan problema, contiene dieciocho sombras de ojos de todos los colores del arco\u00edris, cuatro esmaltes de u\u00f1as con purpurina, tres coloretes y dos pintalabios. Los productos Martinelia est\u00e1n especialmente dise\u00f1ados para ni\u00f1os y ni\u00f1as, no contienen qu\u00edmicos ni parabenos y se pueden retirar con agua tibia.   Adem\u00e1s, lleva un espejo incluido para aplicarte el maquillaje donde quieras.\" \/>\n<meta property=\"og:url\" content=\"https:\/\/www.joguinesbague.com\/es\/maquillajes-y-cosmeticos-es\/little-unicorn-maletin-maquillaje\/\" \/>\n<meta property=\"og:site_name\" content=\"Joguines Bagu\u00e9\" \/>\n<meta property=\"article:publisher\" content=\"https:\/\/www.facebook.com\/Joguines-Bagu%c3%a9-112374270472618\" \/>\n<meta property=\"article:modified_time\" content=\"2023-08-22T06:44:16+00:00\" \/>\n<meta property=\"og:image\" content=\"https:\/\/www.joguinesbague.com\/wp-content\/uploads\/2024\/11\/74939842_perfecttraveler_0.jpg\" \/>\n\t<meta property=\"og:image:width\" content=\"800\" \/>\n\t<meta property=\"og:image:height\" content=\"800\" \/>\n\t<meta property=\"og:image:type\" content=\"image\/jpeg\" \/>\n<meta name=\"twitter:card\" content=\"summary_large_image\" \/>\n<script type=\"application\/ld+json\" class=\"yoast-schema-graph\">{\"@context\":\"https:\/\/schema.org\",\"@graph\":[{\"@type\":[\"WebPage\",\"ItemPage\"],\"@id\":\"https:\/\/www.joguinesbague.com\/es\/maquillajes-y-cosmeticos-es\/little-unicorn-maletin-maquillaje\/\",\"url\":\"https:\/\/www.joguinesbague.com\/es\/maquillajes-y-cosmeticos-es\/little-unicorn-maletin-maquillaje\/\",\"name\":\"Little Unicorn - Malet\u00edn maquillaje - Joguines Bagu\u00e9\",\"isPartOf\":{\"@id\":\"https:\/\/www.joguinesbague.com\/es\/#website\"},\"primaryImageOfPage\":{\"@id\":\"https:\/\/www.joguinesbague.com\/es\/maquillajes-y-cosmeticos-es\/little-unicorn-maletin-maquillaje\/#primaryimage\"},\"image\":{\"@id\":\"https:\/\/www.joguinesbague.com\/es\/maquillajes-y-cosmeticos-es\/little-unicorn-maletin-maquillaje\/#primaryimage\"},\"thumbnailUrl\":\"https:\/\/www.joguinesbague.com\/wp-content\/uploads\/2024\/11\/74939842_perfecttraveler_0.jpg\",\"datePublished\":\"2023-08-21T15:46:41+00:00\",\"dateModified\":\"2023-08-22T06:44:16+00:00\",\"breadcrumb\":{\"@id\":\"https:\/\/www.joguinesbague.com\/es\/maquillajes-y-cosmeticos-es\/little-unicorn-maletin-maquillaje\/#breadcrumb\"},\"inLanguage\":\"es\",\"potentialAction\":[{\"@type\":\"ReadAction\",\"target\":[\"https:\/\/www.joguinesbague.com\/es\/maquillajes-y-cosmeticos-es\/little-unicorn-maletin-maquillaje\/\"]}]},{\"@type\":\"ImageObject\",\"inLanguage\":\"es\",\"@id\":\"https:\/\/www.joguinesbague.com\/es\/maquillajes-y-cosmeticos-es\/little-unicorn-maletin-maquillaje\/#primaryimage\",\"url\":\"https:\/\/www.joguinesbague.com\/wp-content\/uploads\/2024\/11\/74939842_perfecttraveler_0.jpg\",\"contentUrl\":\"https:\/\/www.joguinesbague.com\/wp-content\/uploads\/2024\/11\/74939842_perfecttraveler_0.jpg\",\"width\":800,\"height\":800},{\"@type\":\"BreadcrumbList\",\"@id\":\"https:\/\/www.joguinesbague.com\/es\/maquillajes-y-cosmeticos-es\/little-unicorn-maletin-maquillaje\/#breadcrumb\",\"itemListElement\":[{\"@type\":\"ListItem\",\"position\":1,\"name\":\"Inicio\",\"item\":\"https:\/\/www.joguinesbague.com\/es\/\"},{\"@type\":\"ListItem\",\"position\":2,\"name\":\"Juguetes\",\"item\":\"https:\/\/www.joguinesbague.com\/joguines\/\"},{\"@type\":\"ListItem\",\"position\":3,\"name\":\"Maquillajes y cosm\u00e9ticos\",\"item\":\"https:\/\/www.joguinesbague.com\/es\/maquillajes-y-cosmeticos-es\/\"},{\"@type\":\"ListItem\",\"position\":4,\"name\":\"Little Unicorn &#8211; Malet\u00edn maquillaje\"}]},{\"@type\":\"WebSite\",\"@id\":\"https:\/\/www.joguinesbague.com\/es\/#website\",\"url\":\"https:\/\/www.joguinesbague.com\/es\/\",\"name\":\"Joguines Bagu\u00e9\",\"description\":\"Tienda de juguetes en la Bisbal d'Empord\u00e0\",\"publisher\":{\"@id\":\"https:\/\/www.joguinesbague.com\/es\/#organization\"},\"potentialAction\":[{\"@type\":\"SearchAction\",\"target\":{\"@type\":\"EntryPoint\",\"urlTemplate\":\"https:\/\/www.joguinesbague.com\/es\/?s={search_term_string}\"},\"query-input\":{\"@type\":\"PropertyValueSpecification\",\"valueRequired\":true,\"valueName\":\"search_term_string\"}}],\"inLanguage\":\"es\"},{\"@type\":\"Organization\",\"@id\":\"https:\/\/www.joguinesbague.com\/es\/#organization\",\"name\":\"Joguines Bagu\u00e9\",\"url\":\"https:\/\/www.joguinesbague.com\/es\/\",\"logo\":{\"@type\":\"ImageObject\",\"inLanguage\":\"es\",\"@id\":\"https:\/\/www.joguinesbague.com\/es\/#\/schema\/logo\/image\/\",\"url\":\"https:\/\/www.joguinesbague.com\/wp-content\/uploads\/2020\/09\/AF-logotip-bague-02-e1599126400733.png\",\"contentUrl\":\"https:\/\/www.joguinesbague.com\/wp-content\/uploads\/2020\/09\/AF-logotip-bague-02-e1599126400733.png\",\"width\":1024,\"height\":419,\"caption\":\"Joguines Bagu\u00e9\"},\"image\":{\"@id\":\"https:\/\/www.joguinesbague.com\/es\/#\/schema\/logo\/image\/\"},\"sameAs\":[\"https:\/\/www.facebook.com\/Joguines-Bagu\u00e9-112374270472618\",\"https:\/\/www.instagram.com\/joguinesbague\"]}]}<\/script>\n<!-- \/ Yoast SEO plugin. -->","yoast_head_json":{"title":"Little Unicorn - Malet\u00edn maquillaje - Joguines Bagu\u00e9","robots":{"index":"index","follow":"follow","max-snippet":"max-snippet:-1","max-image-preview":"max-image-preview:large","max-video-preview":"max-video-preview:-1"},"canonical":"https:\/\/www.joguinesbague.com\/es\/maquillajes-y-cosmeticos-es\/little-unicorn-maletin-maquillaje\/","og_locale":"es_ES","og_type":"article","og_title":"Little Unicorn - Malet\u00edn maquillaje - Joguines Bagu\u00e9","og_description":"Malet\u00edn de maquillaje Little Unicorn para llev\u00e1rtelo de un lado para otro sin ning\u00fan problema, contiene dieciocho sombras de ojos de todos los colores del arco\u00edris, cuatro esmaltes de u\u00f1as con purpurina, tres coloretes y dos pintalabios. Los productos Martinelia est\u00e1n especialmente dise\u00f1ados para ni\u00f1os y ni\u00f1as, no contienen qu\u00edmicos ni parabenos y se pueden retirar con agua tibia.   Adem\u00e1s, lleva un espejo incluido para aplicarte el maquillaje donde quieras.","og_url":"https:\/\/www.joguinesbague.com\/es\/maquillajes-y-cosmeticos-es\/little-unicorn-maletin-maquillaje\/","og_site_name":"Joguines Bagu\u00e9","article_publisher":"https:\/\/www.facebook.com\/Joguines-Bagu%c3%a9-112374270472618","article_modified_time":"2023-08-22T06:44:16+00:00","og_image":[{"width":800,"height":800,"url":"https:\/\/www.joguinesbague.com\/wp-content\/uploads\/2024\/11\/74939842_perfecttraveler_0.jpg","type":"image\/jpeg"}],"twitter_card":"summary_large_image","schema":{"@context":"https:\/\/schema.org","@graph":[{"@type":["WebPage","ItemPage"],"@id":"https:\/\/www.joguinesbague.com\/es\/maquillajes-y-cosmeticos-es\/little-unicorn-maletin-maquillaje\/","url":"https:\/\/www.joguinesbague.com\/es\/maquillajes-y-cosmeticos-es\/little-unicorn-maletin-maquillaje\/","name":"Little Unicorn - Malet\u00edn maquillaje - Joguines Bagu\u00e9","isPartOf":{"@id":"https:\/\/www.joguinesbague.com\/es\/#website"},"primaryImageOfPage":{"@id":"https:\/\/www.joguinesbague.com\/es\/maquillajes-y-cosmeticos-es\/little-unicorn-maletin-maquillaje\/#primaryimage"},"image":{"@id":"https:\/\/www.joguinesbague.com\/es\/maquillajes-y-cosmeticos-es\/little-unicorn-maletin-maquillaje\/#primaryimage"},"thumbnailUrl":"https:\/\/www.joguinesbague.com\/wp-content\/uploads\/2024\/11\/74939842_perfecttraveler_0.jpg","datePublished":"2023-08-21T15:46:41+00:00","dateModified":"2023-08-22T06:44:16+00:00","breadcrumb":{"@id":"https:\/\/www.joguinesbague.com\/es\/maquillajes-y-cosmeticos-es\/little-unicorn-maletin-maquillaje\/#breadcrumb"},"inLanguage":"es","potentialAction":[{"@type":"ReadAction","target":["https:\/\/www.joguinesbague.com\/es\/maquillajes-y-cosmeticos-es\/little-unicorn-maletin-maquillaje\/"]}]},{"@type":"ImageObject","inLanguage":"es","@id":"https:\/\/www.joguinesbague.com\/es\/maquillajes-y-cosmeticos-es\/little-unicorn-maletin-maquillaje\/#primaryimage","url":"https:\/\/www.joguinesbague.com\/wp-content\/uploads\/2024\/11\/74939842_perfecttraveler_0.jpg","contentUrl":"https:\/\/www.joguinesbague.com\/wp-content\/uploads\/2024\/11\/74939842_perfecttraveler_0.jpg","width":800,"height":800},{"@type":"BreadcrumbList","@id":"https:\/\/www.joguinesbague.com\/es\/maquillajes-y-cosmeticos-es\/little-unicorn-maletin-maquillaje\/#breadcrumb","itemListElement":[{"@type":"ListItem","position":1,"name":"Inicio","item":"https:\/\/www.joguinesbague.com\/es\/"},{"@type":"ListItem","position":2,"name":"Juguetes","item":"https:\/\/www.joguinesbague.com\/joguines\/"},{"@type":"ListItem","position":3,"name":"Maquillajes y cosm\u00e9ticos","item":"https:\/\/www.joguinesbague.com\/es\/maquillajes-y-cosmeticos-es\/"},{"@type":"ListItem","position":4,"name":"Little Unicorn &#8211; Malet\u00edn maquillaje"}]},{"@type":"WebSite","@id":"https:\/\/www.joguinesbague.com\/es\/#website","url":"https:\/\/www.joguinesbague.com\/es\/","name":"Joguines Bagu\u00e9","description":"Tienda de juguetes en la Bisbal d'Empord\u00e0","publisher":{"@id":"https:\/\/www.joguinesbague.com\/es\/#organization"},"potentialAction":[{"@type":"SearchAction","target":{"@type":"EntryPoint","urlTemplate":"https:\/\/www.joguinesbague.com\/es\/?s={search_term_string}"},"query-input":{"@type":"PropertyValueSpecification","valueRequired":true,"valueName":"search_term_string"}}],"inLanguage":"es"},{"@type":"Organization","@id":"https:\/\/www.joguinesbague.com\/es\/#organization","name":"Joguines Bagu\u00e9","url":"https:\/\/www.joguinesbague.com\/es\/","logo":{"@type":"ImageObject","inLanguage":"es","@id":"https:\/\/www.joguinesbague.com\/es\/#\/schema\/logo\/image\/","url":"https:\/\/www.joguinesbague.com\/wp-content\/uploads\/2020\/09\/AF-logotip-bague-02-e1599126400733.png","contentUrl":"https:\/\/www.joguinesbague.com\/wp-content\/uploads\/2020\/09\/AF-logotip-bague-02-e1599126400733.png","width":1024,"height":419,"caption":"Joguines Bagu\u00e9"},"image":{"@id":"https:\/\/www.joguinesbague.com\/es\/#\/schema\/logo\/image\/"},"sameAs":["https:\/\/www.facebook.com\/Joguines-Bagu\u00e9-112374270472618","https:\/\/www.instagram.com\/joguinesbague"]}]}},"brands":[{"id":315,"name":"Martinelia","slug":"martinelia-es"}],"_links":{"self":[{"href":"https:\/\/www.joguinesbague.com\/es\/wp-json\/wp\/v2\/product\/16057","targetHints":{"allow":["GET"]}}],"collection":[{"href":"https:\/\/www.joguinesbague.com\/es\/wp-json\/wp\/v2\/product"}],"about":[{"href":"https:\/\/www.joguinesbague.com\/es\/wp-json\/wp\/v2\/types\/product"}],"wp:featuredmedia":[{"embeddable":true,"href":"https:\/\/www.joguinesbague.com\/es\/wp-json\/wp\/v2\/media\/23405"}],"wp:attachment":[{"href":"https:\/\/www.joguinesbague.com\/es\/wp-json\/wp\/v2\/media?parent=16057"}],"wp:term":[{"taxonomy":"pwb-brand","embeddable":true,"href":"https:\/\/www.joguinesbague.com\/es\/wp-json\/wp\/v2\/pwb-brand?post=16057"},{"taxonomy":"product_cat","embeddable":true,"href":"https:\/\/www.joguinesbague.com\/es\/wp-json\/wp\/v2\/product_cat?post=16057"},{"taxonomy":"product_tag","embeddable":true,"href":"https:\/\/www.joguinesbague.com\/es\/wp-json\/wp\/v2\/product_tag?post=16057"}],"curies":[{"name":"wp","href":"https:\/\/api.w.org\/{rel}","templated":true}]}}