{"id":15851,"date":"2023-08-07T11:45:28","date_gmt":"2023-08-07T09:45:28","guid":{"rendered":"https:\/\/www.joguinesbague.com\/sin%20categor\u00eda\/hot-wheels-neon-speeders-looping\/"},"modified":"2023-08-07T11:51:55","modified_gmt":"2023-08-07T09:51:55","slug":"hot-wheels-neon-speeders-looping","status":"publish","type":"product","link":"https:\/\/www.joguinesbague.com\/es\/vehiculos\/hot-wheels-neon-speeders-looping\/","title":{"rendered":"Hot Wheels Neon Speeders Looping"},"content":{"rendered":"","protected":false},"excerpt":{"rendered":"<p>Lanza hacia la acci\u00f3n el coche Hot Wheels por el looping doble invertido hasta la l\u00ednea de meta de la Pista de acrobacias l\u00e1ser Neon Speeders. Esta pista ne\u00f3n tiene un cartel que gira mientras los coches atraviesan la l\u00ednea de meta. Guardarla es sencillo y c\u00f3modo, ya que cada componente se desmonta f\u00e1cilmente y encaja en las ranuras designadas de la base.<\/p>\n","protected":false},"featured_media":15734,"template":"","meta":{"_acf_changed":false},"pwb-brand":[186],"product_cat":[418,155,145],"product_tag":[],"class_list":{"0":"post-15851","1":"product","2":"type-product","3":"status-publish","4":"has-post-thumbnail","6":"pwb-brand-mattel-es","7":"product_cat-5-6-anos","8":"product_cat-juguetes-de-accion","9":"product_cat-vehiculos","11":"first","12":"outofstock","13":"shipping-taxable","14":"purchasable","15":"product-type-simple"},"acf":[],"yoast_head":"<!-- This site is optimized with the Yoast SEO plugin v27.2 - https:\/\/yoast.com\/product\/yoast-seo-wordpress\/ -->\n<title>Hot Wheels Neon Speeders Looping - Joguines Bagu\u00e9<\/title>\n<meta name=\"robots\" content=\"index, follow, max-snippet:-1, max-image-preview:large, max-video-preview:-1\" \/>\n<link rel=\"canonical\" href=\"https:\/\/www.joguinesbague.com\/es\/vehiculos\/hot-wheels-neon-speeders-looping\/\" \/>\n<meta property=\"og:locale\" content=\"es_ES\" \/>\n<meta property=\"og:type\" content=\"article\" \/>\n<meta property=\"og:title\" content=\"Hot Wheels Neon Speeders Looping - Joguines Bagu\u00e9\" \/>\n<meta property=\"og:description\" content=\"Lanza hacia la acci\u00f3n el coche Hot Wheels por el looping doble invertido hasta la l\u00ednea de meta de la Pista de acrobacias l\u00e1ser Neon Speeders. Esta pista ne\u00f3n tiene un cartel que gira mientras los coches atraviesan la l\u00ednea de meta. Guardarla es sencillo y c\u00f3modo, ya que cada componente se desmonta f\u00e1cilmente y encaja en las ranuras designadas de la base.\" \/>\n<meta property=\"og:url\" content=\"https:\/\/www.joguinesbague.com\/es\/vehiculos\/hot-wheels-neon-speeders-looping\/\" \/>\n<meta property=\"og:site_name\" content=\"Joguines Bagu\u00e9\" \/>\n<meta property=\"article:publisher\" content=\"https:\/\/www.facebook.com\/Joguines-Bagu%c3%a9-112374270472618\" \/>\n<meta property=\"article:modified_time\" content=\"2023-08-07T09:51:55+00:00\" \/>\n<meta property=\"og:image\" content=\"https:\/\/www.joguinesbague.com\/wp-content\/uploads\/2023\/07\/24515512_neonloping_0.jpg\" \/>\n\t<meta property=\"og:image:width\" content=\"800\" \/>\n\t<meta property=\"og:image:height\" content=\"800\" \/>\n\t<meta property=\"og:image:type\" content=\"image\/jpeg\" \/>\n<meta name=\"twitter:card\" content=\"summary_large_image\" \/>\n<script type=\"application\/ld+json\" class=\"yoast-schema-graph\">{\"@context\":\"https:\/\/schema.org\",\"@graph\":[{\"@type\":[\"WebPage\",\"ItemPage\"],\"@id\":\"https:\/\/www.joguinesbague.com\/es\/vehiculos\/hot-wheels-neon-speeders-looping\/\",\"url\":\"https:\/\/www.joguinesbague.com\/es\/vehiculos\/hot-wheels-neon-speeders-looping\/\",\"name\":\"Hot Wheels Neon Speeders Looping - Joguines Bagu\u00e9\",\"isPartOf\":{\"@id\":\"https:\/\/www.joguinesbague.com\/es\/#website\"},\"primaryImageOfPage\":{\"@id\":\"https:\/\/www.joguinesbague.com\/es\/vehiculos\/hot-wheels-neon-speeders-looping\/#primaryimage\"},\"image\":{\"@id\":\"https:\/\/www.joguinesbague.com\/es\/vehiculos\/hot-wheels-neon-speeders-looping\/#primaryimage\"},\"thumbnailUrl\":\"https:\/\/www.joguinesbague.com\/wp-content\/uploads\/2023\/07\/24515512_neonloping_0.jpg\",\"datePublished\":\"2023-08-07T09:45:28+00:00\",\"dateModified\":\"2023-08-07T09:51:55+00:00\",\"breadcrumb\":{\"@id\":\"https:\/\/www.joguinesbague.com\/es\/vehiculos\/hot-wheels-neon-speeders-looping\/#breadcrumb\"},\"inLanguage\":\"es\",\"potentialAction\":[{\"@type\":\"ReadAction\",\"target\":[\"https:\/\/www.joguinesbague.com\/es\/vehiculos\/hot-wheels-neon-speeders-looping\/\"]}]},{\"@type\":\"ImageObject\",\"inLanguage\":\"es\",\"@id\":\"https:\/\/www.joguinesbague.com\/es\/vehiculos\/hot-wheels-neon-speeders-looping\/#primaryimage\",\"url\":\"https:\/\/www.joguinesbague.com\/wp-content\/uploads\/2023\/07\/24515512_neonloping_0.jpg\",\"contentUrl\":\"https:\/\/www.joguinesbague.com\/wp-content\/uploads\/2023\/07\/24515512_neonloping_0.jpg\",\"width\":800,\"height\":800},{\"@type\":\"BreadcrumbList\",\"@id\":\"https:\/\/www.joguinesbague.com\/es\/vehiculos\/hot-wheels-neon-speeders-looping\/#breadcrumb\",\"itemListElement\":[{\"@type\":\"ListItem\",\"position\":1,\"name\":\"Inicio\",\"item\":\"https:\/\/www.joguinesbague.com\/es\/\"},{\"@type\":\"ListItem\",\"position\":2,\"name\":\"Juguetes\",\"item\":\"https:\/\/www.joguinesbague.com\/joguines\/\"},{\"@type\":\"ListItem\",\"position\":3,\"name\":\"Veh\u00edculos\",\"item\":\"https:\/\/www.joguinesbague.com\/es\/vehiculos\/\"},{\"@type\":\"ListItem\",\"position\":4,\"name\":\"Hot Wheels Neon Speeders Looping\"}]},{\"@type\":\"WebSite\",\"@id\":\"https:\/\/www.joguinesbague.com\/es\/#website\",\"url\":\"https:\/\/www.joguinesbague.com\/es\/\",\"name\":\"Joguines Bagu\u00e9\",\"description\":\"Tienda de juguetes en la Bisbal d'Empord\u00e0\",\"publisher\":{\"@id\":\"https:\/\/www.joguinesbague.com\/es\/#organization\"},\"potentialAction\":[{\"@type\":\"SearchAction\",\"target\":{\"@type\":\"EntryPoint\",\"urlTemplate\":\"https:\/\/www.joguinesbague.com\/es\/?s={search_term_string}\"},\"query-input\":{\"@type\":\"PropertyValueSpecification\",\"valueRequired\":true,\"valueName\":\"search_term_string\"}}],\"inLanguage\":\"es\"},{\"@type\":\"Organization\",\"@id\":\"https:\/\/www.joguinesbague.com\/es\/#organization\",\"name\":\"Joguines Bagu\u00e9\",\"url\":\"https:\/\/www.joguinesbague.com\/es\/\",\"logo\":{\"@type\":\"ImageObject\",\"inLanguage\":\"es\",\"@id\":\"https:\/\/www.joguinesbague.com\/es\/#\/schema\/logo\/image\/\",\"url\":\"https:\/\/www.joguinesbague.com\/wp-content\/uploads\/2020\/09\/AF-logotip-bague-02-e1599126400733.png\",\"contentUrl\":\"https:\/\/www.joguinesbague.com\/wp-content\/uploads\/2020\/09\/AF-logotip-bague-02-e1599126400733.png\",\"width\":1024,\"height\":419,\"caption\":\"Joguines Bagu\u00e9\"},\"image\":{\"@id\":\"https:\/\/www.joguinesbague.com\/es\/#\/schema\/logo\/image\/\"},\"sameAs\":[\"https:\/\/www.facebook.com\/Joguines-Bagu\u00e9-112374270472618\",\"https:\/\/www.instagram.com\/joguinesbague\"]}]}<\/script>\n<!-- \/ Yoast SEO plugin. -->","yoast_head_json":{"title":"Hot Wheels Neon Speeders Looping - Joguines Bagu\u00e9","robots":{"index":"index","follow":"follow","max-snippet":"max-snippet:-1","max-image-preview":"max-image-preview:large","max-video-preview":"max-video-preview:-1"},"canonical":"https:\/\/www.joguinesbague.com\/es\/vehiculos\/hot-wheels-neon-speeders-looping\/","og_locale":"es_ES","og_type":"article","og_title":"Hot Wheels Neon Speeders Looping - Joguines Bagu\u00e9","og_description":"Lanza hacia la acci\u00f3n el coche Hot Wheels por el looping doble invertido hasta la l\u00ednea de meta de la Pista de acrobacias l\u00e1ser Neon Speeders. Esta pista ne\u00f3n tiene un cartel que gira mientras los coches atraviesan la l\u00ednea de meta. Guardarla es sencillo y c\u00f3modo, ya que cada componente se desmonta f\u00e1cilmente y encaja en las ranuras designadas de la base.","og_url":"https:\/\/www.joguinesbague.com\/es\/vehiculos\/hot-wheels-neon-speeders-looping\/","og_site_name":"Joguines Bagu\u00e9","article_publisher":"https:\/\/www.facebook.com\/Joguines-Bagu%c3%a9-112374270472618","article_modified_time":"2023-08-07T09:51:55+00:00","og_image":[{"width":800,"height":800,"url":"https:\/\/www.joguinesbague.com\/wp-content\/uploads\/2023\/07\/24515512_neonloping_0.jpg","type":"image\/jpeg"}],"twitter_card":"summary_large_image","schema":{"@context":"https:\/\/schema.org","@graph":[{"@type":["WebPage","ItemPage"],"@id":"https:\/\/www.joguinesbague.com\/es\/vehiculos\/hot-wheels-neon-speeders-looping\/","url":"https:\/\/www.joguinesbague.com\/es\/vehiculos\/hot-wheels-neon-speeders-looping\/","name":"Hot Wheels Neon Speeders Looping - Joguines Bagu\u00e9","isPartOf":{"@id":"https:\/\/www.joguinesbague.com\/es\/#website"},"primaryImageOfPage":{"@id":"https:\/\/www.joguinesbague.com\/es\/vehiculos\/hot-wheels-neon-speeders-looping\/#primaryimage"},"image":{"@id":"https:\/\/www.joguinesbague.com\/es\/vehiculos\/hot-wheels-neon-speeders-looping\/#primaryimage"},"thumbnailUrl":"https:\/\/www.joguinesbague.com\/wp-content\/uploads\/2023\/07\/24515512_neonloping_0.jpg","datePublished":"2023-08-07T09:45:28+00:00","dateModified":"2023-08-07T09:51:55+00:00","breadcrumb":{"@id":"https:\/\/www.joguinesbague.com\/es\/vehiculos\/hot-wheels-neon-speeders-looping\/#breadcrumb"},"inLanguage":"es","potentialAction":[{"@type":"ReadAction","target":["https:\/\/www.joguinesbague.com\/es\/vehiculos\/hot-wheels-neon-speeders-looping\/"]}]},{"@type":"ImageObject","inLanguage":"es","@id":"https:\/\/www.joguinesbague.com\/es\/vehiculos\/hot-wheels-neon-speeders-looping\/#primaryimage","url":"https:\/\/www.joguinesbague.com\/wp-content\/uploads\/2023\/07\/24515512_neonloping_0.jpg","contentUrl":"https:\/\/www.joguinesbague.com\/wp-content\/uploads\/2023\/07\/24515512_neonloping_0.jpg","width":800,"height":800},{"@type":"BreadcrumbList","@id":"https:\/\/www.joguinesbague.com\/es\/vehiculos\/hot-wheels-neon-speeders-looping\/#breadcrumb","itemListElement":[{"@type":"ListItem","position":1,"name":"Inicio","item":"https:\/\/www.joguinesbague.com\/es\/"},{"@type":"ListItem","position":2,"name":"Juguetes","item":"https:\/\/www.joguinesbague.com\/joguines\/"},{"@type":"ListItem","position":3,"name":"Veh\u00edculos","item":"https:\/\/www.joguinesbague.com\/es\/vehiculos\/"},{"@type":"ListItem","position":4,"name":"Hot Wheels Neon Speeders Looping"}]},{"@type":"WebSite","@id":"https:\/\/www.joguinesbague.com\/es\/#website","url":"https:\/\/www.joguinesbague.com\/es\/","name":"Joguines Bagu\u00e9","description":"Tienda de juguetes en la Bisbal d'Empord\u00e0","publisher":{"@id":"https:\/\/www.joguinesbague.com\/es\/#organization"},"potentialAction":[{"@type":"SearchAction","target":{"@type":"EntryPoint","urlTemplate":"https:\/\/www.joguinesbague.com\/es\/?s={search_term_string}"},"query-input":{"@type":"PropertyValueSpecification","valueRequired":true,"valueName":"search_term_string"}}],"inLanguage":"es"},{"@type":"Organization","@id":"https:\/\/www.joguinesbague.com\/es\/#organization","name":"Joguines Bagu\u00e9","url":"https:\/\/www.joguinesbague.com\/es\/","logo":{"@type":"ImageObject","inLanguage":"es","@id":"https:\/\/www.joguinesbague.com\/es\/#\/schema\/logo\/image\/","url":"https:\/\/www.joguinesbague.com\/wp-content\/uploads\/2020\/09\/AF-logotip-bague-02-e1599126400733.png","contentUrl":"https:\/\/www.joguinesbague.com\/wp-content\/uploads\/2020\/09\/AF-logotip-bague-02-e1599126400733.png","width":1024,"height":419,"caption":"Joguines Bagu\u00e9"},"image":{"@id":"https:\/\/www.joguinesbague.com\/es\/#\/schema\/logo\/image\/"},"sameAs":["https:\/\/www.facebook.com\/Joguines-Bagu\u00e9-112374270472618","https:\/\/www.instagram.com\/joguinesbague"]}]}},"brands":[{"id":186,"name":"Mattel","slug":"mattel-es"}],"_links":{"self":[{"href":"https:\/\/www.joguinesbague.com\/es\/wp-json\/wp\/v2\/product\/15851","targetHints":{"allow":["GET"]}}],"collection":[{"href":"https:\/\/www.joguinesbague.com\/es\/wp-json\/wp\/v2\/product"}],"about":[{"href":"https:\/\/www.joguinesbague.com\/es\/wp-json\/wp\/v2\/types\/product"}],"wp:featuredmedia":[{"embeddable":true,"href":"https:\/\/www.joguinesbague.com\/es\/wp-json\/wp\/v2\/media\/15734"}],"wp:attachment":[{"href":"https:\/\/www.joguinesbague.com\/es\/wp-json\/wp\/v2\/media?parent=15851"}],"wp:term":[{"taxonomy":"pwb-brand","embeddable":true,"href":"https:\/\/www.joguinesbague.com\/es\/wp-json\/wp\/v2\/pwb-brand?post=15851"},{"taxonomy":"product_cat","embeddable":true,"href":"https:\/\/www.joguinesbague.com\/es\/wp-json\/wp\/v2\/product_cat?post=15851"},{"taxonomy":"product_tag","embeddable":true,"href":"https:\/\/www.joguinesbague.com\/es\/wp-json\/wp\/v2\/product_tag?post=15851"}],"curies":[{"name":"wp","href":"https:\/\/api.w.org\/{rel}","templated":true}]}}