{"id":15249,"date":"2023-05-12T17:12:14","date_gmt":"2023-05-12T15:12:14","guid":{"rendered":"https:\/\/www.joguinesbague.com\/sin categor\u00eda\/super-soaker-raptor-surge-pack-2\/"},"modified":"2023-08-16T00:00:47","modified_gmt":"2023-08-15T22:00:47","slug":"super-soaker-raptor-surge-pack-2","status":"publish","type":"product","link":"https:\/\/www.joguinesbague.com\/es\/verano\/super-soaker-raptor-surge-pack-2\/","title":{"rendered":"Super Soaker Raptor Surge pack 2"},"content":{"rendered":"","protected":false},"excerpt":{"rendered":"<p>Super Soaker raptor surge dual pack, es un set exclusivo de dos lanzadores de agua con aspecto de dinosaurio velociraptor preparados para divertirse con el agua.<\/p>\n<p>Abre el tap\u00f3n, llena el dep\u00f3sito de agua, cierra el tap\u00f3n, aprieta el gatillo y desata un chorro de agua de la boca del dinosaurio para mojar a tus amigos y amigas.<\/p>\n","protected":false},"featured_media":15010,"template":"","meta":{"_acf_changed":false},"pwb-brand":[175],"product_cat":[244,154],"product_tag":[],"class_list":{"0":"post-15249","1":"product","2":"type-product","3":"status-publish","4":"has-post-thumbnail","6":"pwb-brand-hasbro-es","7":"product_cat-lanzadores-de-agua","8":"product_cat-verano","10":"first","11":"outofstock","12":"shipping-taxable","13":"purchasable","14":"product-type-simple"},"acf":[],"yoast_head":"<!-- This site is optimized with the Yoast SEO plugin v27.2 - https:\/\/yoast.com\/product\/yoast-seo-wordpress\/ -->\n<title>Super Soaker Raptor Surge pack 2 - Joguines Bagu\u00e9<\/title>\n<meta name=\"robots\" content=\"index, follow, max-snippet:-1, max-image-preview:large, max-video-preview:-1\" \/>\n<link rel=\"canonical\" href=\"https:\/\/www.joguinesbague.com\/es\/verano\/super-soaker-raptor-surge-pack-2\/\" \/>\n<meta property=\"og:locale\" content=\"es_ES\" \/>\n<meta property=\"og:type\" content=\"article\" \/>\n<meta property=\"og:title\" content=\"Super Soaker Raptor Surge pack 2 - Joguines Bagu\u00e9\" \/>\n<meta property=\"og:description\" content=\"Super Soaker raptor surge dual pack, es un set exclusivo de dos lanzadores de agua con aspecto de dinosaurio velociraptor preparados para divertirse con el agua.  Abre el tap\u00f3n, llena el dep\u00f3sito de agua, cierra el tap\u00f3n, aprieta el gatillo y desata un chorro de agua de la boca del dinosaurio para mojar a tus amigos y amigas.\" \/>\n<meta property=\"og:url\" content=\"https:\/\/www.joguinesbague.com\/es\/verano\/super-soaker-raptor-surge-pack-2\/\" \/>\n<meta property=\"og:site_name\" content=\"Joguines Bagu\u00e9\" \/>\n<meta property=\"article:publisher\" content=\"https:\/\/www.facebook.com\/Joguines-Bagu%c3%a9-112374270472618\" \/>\n<meta property=\"article:modified_time\" content=\"2023-08-15T22:00:47+00:00\" \/>\n<meta property=\"og:image\" content=\"https:\/\/www.joguinesbague.com\/wp-content\/uploads\/2023\/05\/25514136_raptor2_1.jpg\" \/>\n\t<meta property=\"og:image:width\" content=\"800\" \/>\n\t<meta property=\"og:image:height\" content=\"800\" \/>\n\t<meta property=\"og:image:type\" content=\"image\/jpeg\" \/>\n<meta name=\"twitter:card\" content=\"summary_large_image\" \/>\n<script type=\"application\/ld+json\" class=\"yoast-schema-graph\">{\"@context\":\"https:\/\/schema.org\",\"@graph\":[{\"@type\":[\"WebPage\",\"ItemPage\"],\"@id\":\"https:\/\/www.joguinesbague.com\/es\/verano\/super-soaker-raptor-surge-pack-2\/\",\"url\":\"https:\/\/www.joguinesbague.com\/es\/verano\/super-soaker-raptor-surge-pack-2\/\",\"name\":\"Super Soaker Raptor Surge pack 2 - Joguines Bagu\u00e9\",\"isPartOf\":{\"@id\":\"https:\/\/www.joguinesbague.com\/es\/#website\"},\"primaryImageOfPage\":{\"@id\":\"https:\/\/www.joguinesbague.com\/es\/verano\/super-soaker-raptor-surge-pack-2\/#primaryimage\"},\"image\":{\"@id\":\"https:\/\/www.joguinesbague.com\/es\/verano\/super-soaker-raptor-surge-pack-2\/#primaryimage\"},\"thumbnailUrl\":\"https:\/\/www.joguinesbague.com\/wp-content\/uploads\/2023\/05\/25514136_raptor2_1.jpg\",\"datePublished\":\"2023-05-12T15:12:14+00:00\",\"dateModified\":\"2023-08-15T22:00:47+00:00\",\"breadcrumb\":{\"@id\":\"https:\/\/www.joguinesbague.com\/es\/verano\/super-soaker-raptor-surge-pack-2\/#breadcrumb\"},\"inLanguage\":\"es\",\"potentialAction\":[{\"@type\":\"ReadAction\",\"target\":[\"https:\/\/www.joguinesbague.com\/es\/verano\/super-soaker-raptor-surge-pack-2\/\"]}]},{\"@type\":\"ImageObject\",\"inLanguage\":\"es\",\"@id\":\"https:\/\/www.joguinesbague.com\/es\/verano\/super-soaker-raptor-surge-pack-2\/#primaryimage\",\"url\":\"https:\/\/www.joguinesbague.com\/wp-content\/uploads\/2023\/05\/25514136_raptor2_1.jpg\",\"contentUrl\":\"https:\/\/www.joguinesbague.com\/wp-content\/uploads\/2023\/05\/25514136_raptor2_1.jpg\",\"width\":800,\"height\":800},{\"@type\":\"BreadcrumbList\",\"@id\":\"https:\/\/www.joguinesbague.com\/es\/verano\/super-soaker-raptor-surge-pack-2\/#breadcrumb\",\"itemListElement\":[{\"@type\":\"ListItem\",\"position\":1,\"name\":\"Inicio\",\"item\":\"https:\/\/www.joguinesbague.com\/es\/\"},{\"@type\":\"ListItem\",\"position\":2,\"name\":\"Juguetes\",\"item\":\"https:\/\/www.joguinesbague.com\/joguines\/\"},{\"@type\":\"ListItem\",\"position\":3,\"name\":\"Verano\",\"item\":\"https:\/\/www.joguinesbague.com\/es\/verano\/\"},{\"@type\":\"ListItem\",\"position\":4,\"name\":\"Super Soaker Raptor Surge pack 2\"}]},{\"@type\":\"WebSite\",\"@id\":\"https:\/\/www.joguinesbague.com\/es\/#website\",\"url\":\"https:\/\/www.joguinesbague.com\/es\/\",\"name\":\"Joguines Bagu\u00e9\",\"description\":\"Tienda de juguetes en la Bisbal d'Empord\u00e0\",\"publisher\":{\"@id\":\"https:\/\/www.joguinesbague.com\/es\/#organization\"},\"potentialAction\":[{\"@type\":\"SearchAction\",\"target\":{\"@type\":\"EntryPoint\",\"urlTemplate\":\"https:\/\/www.joguinesbague.com\/es\/?s={search_term_string}\"},\"query-input\":{\"@type\":\"PropertyValueSpecification\",\"valueRequired\":true,\"valueName\":\"search_term_string\"}}],\"inLanguage\":\"es\"},{\"@type\":\"Organization\",\"@id\":\"https:\/\/www.joguinesbague.com\/es\/#organization\",\"name\":\"Joguines Bagu\u00e9\",\"url\":\"https:\/\/www.joguinesbague.com\/es\/\",\"logo\":{\"@type\":\"ImageObject\",\"inLanguage\":\"es\",\"@id\":\"https:\/\/www.joguinesbague.com\/es\/#\/schema\/logo\/image\/\",\"url\":\"https:\/\/www.joguinesbague.com\/wp-content\/uploads\/2020\/09\/AF-logotip-bague-02-e1599126400733.png\",\"contentUrl\":\"https:\/\/www.joguinesbague.com\/wp-content\/uploads\/2020\/09\/AF-logotip-bague-02-e1599126400733.png\",\"width\":1024,\"height\":419,\"caption\":\"Joguines Bagu\u00e9\"},\"image\":{\"@id\":\"https:\/\/www.joguinesbague.com\/es\/#\/schema\/logo\/image\/\"},\"sameAs\":[\"https:\/\/www.facebook.com\/Joguines-Bagu\u00e9-112374270472618\",\"https:\/\/www.instagram.com\/joguinesbague\"]}]}<\/script>\n<!-- \/ Yoast SEO plugin. -->","yoast_head_json":{"title":"Super Soaker Raptor Surge pack 2 - Joguines Bagu\u00e9","robots":{"index":"index","follow":"follow","max-snippet":"max-snippet:-1","max-image-preview":"max-image-preview:large","max-video-preview":"max-video-preview:-1"},"canonical":"https:\/\/www.joguinesbague.com\/es\/verano\/super-soaker-raptor-surge-pack-2\/","og_locale":"es_ES","og_type":"article","og_title":"Super Soaker Raptor Surge pack 2 - Joguines Bagu\u00e9","og_description":"Super Soaker raptor surge dual pack, es un set exclusivo de dos lanzadores de agua con aspecto de dinosaurio velociraptor preparados para divertirse con el agua.  Abre el tap\u00f3n, llena el dep\u00f3sito de agua, cierra el tap\u00f3n, aprieta el gatillo y desata un chorro de agua de la boca del dinosaurio para mojar a tus amigos y amigas.","og_url":"https:\/\/www.joguinesbague.com\/es\/verano\/super-soaker-raptor-surge-pack-2\/","og_site_name":"Joguines Bagu\u00e9","article_publisher":"https:\/\/www.facebook.com\/Joguines-Bagu%c3%a9-112374270472618","article_modified_time":"2023-08-15T22:00:47+00:00","og_image":[{"width":800,"height":800,"url":"https:\/\/www.joguinesbague.com\/wp-content\/uploads\/2023\/05\/25514136_raptor2_1.jpg","type":"image\/jpeg"}],"twitter_card":"summary_large_image","schema":{"@context":"https:\/\/schema.org","@graph":[{"@type":["WebPage","ItemPage"],"@id":"https:\/\/www.joguinesbague.com\/es\/verano\/super-soaker-raptor-surge-pack-2\/","url":"https:\/\/www.joguinesbague.com\/es\/verano\/super-soaker-raptor-surge-pack-2\/","name":"Super Soaker Raptor Surge pack 2 - Joguines Bagu\u00e9","isPartOf":{"@id":"https:\/\/www.joguinesbague.com\/es\/#website"},"primaryImageOfPage":{"@id":"https:\/\/www.joguinesbague.com\/es\/verano\/super-soaker-raptor-surge-pack-2\/#primaryimage"},"image":{"@id":"https:\/\/www.joguinesbague.com\/es\/verano\/super-soaker-raptor-surge-pack-2\/#primaryimage"},"thumbnailUrl":"https:\/\/www.joguinesbague.com\/wp-content\/uploads\/2023\/05\/25514136_raptor2_1.jpg","datePublished":"2023-05-12T15:12:14+00:00","dateModified":"2023-08-15T22:00:47+00:00","breadcrumb":{"@id":"https:\/\/www.joguinesbague.com\/es\/verano\/super-soaker-raptor-surge-pack-2\/#breadcrumb"},"inLanguage":"es","potentialAction":[{"@type":"ReadAction","target":["https:\/\/www.joguinesbague.com\/es\/verano\/super-soaker-raptor-surge-pack-2\/"]}]},{"@type":"ImageObject","inLanguage":"es","@id":"https:\/\/www.joguinesbague.com\/es\/verano\/super-soaker-raptor-surge-pack-2\/#primaryimage","url":"https:\/\/www.joguinesbague.com\/wp-content\/uploads\/2023\/05\/25514136_raptor2_1.jpg","contentUrl":"https:\/\/www.joguinesbague.com\/wp-content\/uploads\/2023\/05\/25514136_raptor2_1.jpg","width":800,"height":800},{"@type":"BreadcrumbList","@id":"https:\/\/www.joguinesbague.com\/es\/verano\/super-soaker-raptor-surge-pack-2\/#breadcrumb","itemListElement":[{"@type":"ListItem","position":1,"name":"Inicio","item":"https:\/\/www.joguinesbague.com\/es\/"},{"@type":"ListItem","position":2,"name":"Juguetes","item":"https:\/\/www.joguinesbague.com\/joguines\/"},{"@type":"ListItem","position":3,"name":"Verano","item":"https:\/\/www.joguinesbague.com\/es\/verano\/"},{"@type":"ListItem","position":4,"name":"Super Soaker Raptor Surge pack 2"}]},{"@type":"WebSite","@id":"https:\/\/www.joguinesbague.com\/es\/#website","url":"https:\/\/www.joguinesbague.com\/es\/","name":"Joguines Bagu\u00e9","description":"Tienda de juguetes en la Bisbal d'Empord\u00e0","publisher":{"@id":"https:\/\/www.joguinesbague.com\/es\/#organization"},"potentialAction":[{"@type":"SearchAction","target":{"@type":"EntryPoint","urlTemplate":"https:\/\/www.joguinesbague.com\/es\/?s={search_term_string}"},"query-input":{"@type":"PropertyValueSpecification","valueRequired":true,"valueName":"search_term_string"}}],"inLanguage":"es"},{"@type":"Organization","@id":"https:\/\/www.joguinesbague.com\/es\/#organization","name":"Joguines Bagu\u00e9","url":"https:\/\/www.joguinesbague.com\/es\/","logo":{"@type":"ImageObject","inLanguage":"es","@id":"https:\/\/www.joguinesbague.com\/es\/#\/schema\/logo\/image\/","url":"https:\/\/www.joguinesbague.com\/wp-content\/uploads\/2020\/09\/AF-logotip-bague-02-e1599126400733.png","contentUrl":"https:\/\/www.joguinesbague.com\/wp-content\/uploads\/2020\/09\/AF-logotip-bague-02-e1599126400733.png","width":1024,"height":419,"caption":"Joguines Bagu\u00e9"},"image":{"@id":"https:\/\/www.joguinesbague.com\/es\/#\/schema\/logo\/image\/"},"sameAs":["https:\/\/www.facebook.com\/Joguines-Bagu\u00e9-112374270472618","https:\/\/www.instagram.com\/joguinesbague"]}]}},"brands":[{"id":175,"name":"Hasbro","slug":"hasbro-es"}],"_links":{"self":[{"href":"https:\/\/www.joguinesbague.com\/es\/wp-json\/wp\/v2\/product\/15249","targetHints":{"allow":["GET"]}}],"collection":[{"href":"https:\/\/www.joguinesbague.com\/es\/wp-json\/wp\/v2\/product"}],"about":[{"href":"https:\/\/www.joguinesbague.com\/es\/wp-json\/wp\/v2\/types\/product"}],"wp:featuredmedia":[{"embeddable":true,"href":"https:\/\/www.joguinesbague.com\/es\/wp-json\/wp\/v2\/media\/15010"}],"wp:attachment":[{"href":"https:\/\/www.joguinesbague.com\/es\/wp-json\/wp\/v2\/media?parent=15249"}],"wp:term":[{"taxonomy":"pwb-brand","embeddable":true,"href":"https:\/\/www.joguinesbague.com\/es\/wp-json\/wp\/v2\/pwb-brand?post=15249"},{"taxonomy":"product_cat","embeddable":true,"href":"https:\/\/www.joguinesbague.com\/es\/wp-json\/wp\/v2\/product_cat?post=15249"},{"taxonomy":"product_tag","embeddable":true,"href":"https:\/\/www.joguinesbague.com\/es\/wp-json\/wp\/v2\/product_tag?post=15249"}],"curies":[{"name":"wp","href":"https:\/\/api.w.org\/{rel}","templated":true}]}}