{"id":12831,"date":"2022-09-14T21:14:04","date_gmt":"2022-09-14T19:14:04","guid":{"rendered":"https:\/\/www.joguinesbague.com\/sin categor\u00eda\/pizarra-de-madera-2-en-1\/"},"modified":"2022-12-25T00:00:33","modified_gmt":"2022-12-24T23:00:33","slug":"pizarra-de-madera-2-en-1","status":"publish","type":"product","link":"https:\/\/www.joguinesbague.com\/es\/manualidades\/pizarra-de-madera-2-en-1\/","title":{"rendered":"Pizarra de madera 2 en 1"},"content":{"rendered":"","protected":false},"excerpt":{"rendered":"<p>Descubre la Pizarra de Madera infantil de Molt\u00f3.<\/p>\n<p>Esta pizarra construida con materiales resistentes, sostenibles y no t\u00f3xicos te da la posibilidad de pintar de dos formas diferentes, por un lado, es una pizarra magn\u00e9tica, por el otro, una pizarra cl\u00e1sica para pintar con tizas.<\/p>\n<p>Incluye 26 letras magn\u00e9ticas, 12 tizas, 2 clips para sujetar las hojas de dibujo, 1 rotulador borrable, un borrador y 4 vasos de almacenamiento para los accesorios.<\/p>\n","protected":false},"featured_media":12374,"template":"","meta":{"_acf_changed":false},"pwb-brand":[167],"product_cat":[417,146],"product_tag":[],"class_list":{"0":"post-12831","1":"product","2":"type-product","3":"status-publish","4":"has-post-thumbnail","6":"pwb-brand-molto-es","7":"product_cat-3-4-anos","8":"product_cat-manualidades","10":"first","11":"instock","12":"shipping-taxable","13":"purchasable","14":"product-type-simple"},"acf":[],"yoast_head":"<!-- This site is optimized with the Yoast SEO plugin v27.2 - https:\/\/yoast.com\/product\/yoast-seo-wordpress\/ -->\n<title>Pizarra de madera 2 en 1 - Joguines Bagu\u00e9<\/title>\n<meta name=\"robots\" content=\"index, follow, max-snippet:-1, max-image-preview:large, max-video-preview:-1\" \/>\n<link rel=\"canonical\" href=\"https:\/\/www.joguinesbague.com\/es\/manualidades\/pizarra-de-madera-2-en-1\/\" \/>\n<meta property=\"og:locale\" content=\"es_ES\" \/>\n<meta property=\"og:type\" content=\"article\" \/>\n<meta property=\"og:title\" content=\"Pizarra de madera 2 en 1 - Joguines Bagu\u00e9\" \/>\n<meta property=\"og:description\" content=\"Descubre la Pizarra de Madera infantil de Molt\u00f3.  Esta pizarra construida con materiales resistentes, sostenibles y no t\u00f3xicos te da la posibilidad de pintar de dos formas diferentes, por un lado, es una pizarra magn\u00e9tica, por el otro, una pizarra cl\u00e1sica para pintar con tizas.  Incluye 26 letras magn\u00e9ticas, 12 tizas, 2 clips para sujetar las hojas de dibujo, 1 rotulador borrable, un borrador y 4 vasos de almacenamiento para los accesorios.\" \/>\n<meta property=\"og:url\" content=\"https:\/\/www.joguinesbague.com\/es\/manualidades\/pizarra-de-madera-2-en-1\/\" \/>\n<meta property=\"og:site_name\" content=\"Joguines Bagu\u00e9\" \/>\n<meta property=\"article:publisher\" content=\"https:\/\/www.facebook.com\/Joguines-Bagu%c3%a9-112374270472618\" \/>\n<meta property=\"article:modified_time\" content=\"2022-12-24T23:00:33+00:00\" \/>\n<meta property=\"og:image\" content=\"https:\/\/www.joguinesbague.com\/wp-content\/uploads\/2022\/10\/26522273_pissarrafusta_0.jpg\" \/>\n\t<meta property=\"og:image:width\" content=\"800\" \/>\n\t<meta property=\"og:image:height\" content=\"800\" \/>\n\t<meta property=\"og:image:type\" content=\"image\/jpeg\" \/>\n<meta name=\"twitter:card\" content=\"summary_large_image\" \/>\n<script type=\"application\/ld+json\" class=\"yoast-schema-graph\">{\"@context\":\"https:\/\/schema.org\",\"@graph\":[{\"@type\":[\"WebPage\",\"ItemPage\"],\"@id\":\"https:\/\/www.joguinesbague.com\/es\/manualidades\/pizarra-de-madera-2-en-1\/\",\"url\":\"https:\/\/www.joguinesbague.com\/es\/manualidades\/pizarra-de-madera-2-en-1\/\",\"name\":\"Pizarra de madera 2 en 1 - Joguines Bagu\u00e9\",\"isPartOf\":{\"@id\":\"https:\/\/www.joguinesbague.com\/es\/#website\"},\"primaryImageOfPage\":{\"@id\":\"https:\/\/www.joguinesbague.com\/es\/manualidades\/pizarra-de-madera-2-en-1\/#primaryimage\"},\"image\":{\"@id\":\"https:\/\/www.joguinesbague.com\/es\/manualidades\/pizarra-de-madera-2-en-1\/#primaryimage\"},\"thumbnailUrl\":\"https:\/\/www.joguinesbague.com\/wp-content\/uploads\/2022\/10\/26522273_pissarrafusta_0.jpg\",\"datePublished\":\"2022-09-14T19:14:04+00:00\",\"dateModified\":\"2022-12-24T23:00:33+00:00\",\"breadcrumb\":{\"@id\":\"https:\/\/www.joguinesbague.com\/es\/manualidades\/pizarra-de-madera-2-en-1\/#breadcrumb\"},\"inLanguage\":\"es\",\"potentialAction\":[{\"@type\":\"ReadAction\",\"target\":[\"https:\/\/www.joguinesbague.com\/es\/manualidades\/pizarra-de-madera-2-en-1\/\"]}]},{\"@type\":\"ImageObject\",\"inLanguage\":\"es\",\"@id\":\"https:\/\/www.joguinesbague.com\/es\/manualidades\/pizarra-de-madera-2-en-1\/#primaryimage\",\"url\":\"https:\/\/www.joguinesbague.com\/wp-content\/uploads\/2022\/10\/26522273_pissarrafusta_0.jpg\",\"contentUrl\":\"https:\/\/www.joguinesbague.com\/wp-content\/uploads\/2022\/10\/26522273_pissarrafusta_0.jpg\",\"width\":800,\"height\":800},{\"@type\":\"BreadcrumbList\",\"@id\":\"https:\/\/www.joguinesbague.com\/es\/manualidades\/pizarra-de-madera-2-en-1\/#breadcrumb\",\"itemListElement\":[{\"@type\":\"ListItem\",\"position\":1,\"name\":\"Inicio\",\"item\":\"https:\/\/www.joguinesbague.com\/es\/\"},{\"@type\":\"ListItem\",\"position\":2,\"name\":\"Juguetes\",\"item\":\"https:\/\/www.joguinesbague.com\/joguines\/\"},{\"@type\":\"ListItem\",\"position\":3,\"name\":\"3 - 4 a\u00f1os\",\"item\":\"https:\/\/www.joguinesbague.com\/es\/3-4-anos\/\"},{\"@type\":\"ListItem\",\"position\":4,\"name\":\"Pizarra de madera 2 en 1\"}]},{\"@type\":\"WebSite\",\"@id\":\"https:\/\/www.joguinesbague.com\/es\/#website\",\"url\":\"https:\/\/www.joguinesbague.com\/es\/\",\"name\":\"Joguines Bagu\u00e9\",\"description\":\"Tienda de juguetes en la Bisbal d'Empord\u00e0\",\"publisher\":{\"@id\":\"https:\/\/www.joguinesbague.com\/es\/#organization\"},\"potentialAction\":[{\"@type\":\"SearchAction\",\"target\":{\"@type\":\"EntryPoint\",\"urlTemplate\":\"https:\/\/www.joguinesbague.com\/es\/?s={search_term_string}\"},\"query-input\":{\"@type\":\"PropertyValueSpecification\",\"valueRequired\":true,\"valueName\":\"search_term_string\"}}],\"inLanguage\":\"es\"},{\"@type\":\"Organization\",\"@id\":\"https:\/\/www.joguinesbague.com\/es\/#organization\",\"name\":\"Joguines Bagu\u00e9\",\"url\":\"https:\/\/www.joguinesbague.com\/es\/\",\"logo\":{\"@type\":\"ImageObject\",\"inLanguage\":\"es\",\"@id\":\"https:\/\/www.joguinesbague.com\/es\/#\/schema\/logo\/image\/\",\"url\":\"https:\/\/www.joguinesbague.com\/wp-content\/uploads\/2020\/09\/AF-logotip-bague-02-e1599126400733.png\",\"contentUrl\":\"https:\/\/www.joguinesbague.com\/wp-content\/uploads\/2020\/09\/AF-logotip-bague-02-e1599126400733.png\",\"width\":1024,\"height\":419,\"caption\":\"Joguines Bagu\u00e9\"},\"image\":{\"@id\":\"https:\/\/www.joguinesbague.com\/es\/#\/schema\/logo\/image\/\"},\"sameAs\":[\"https:\/\/www.facebook.com\/Joguines-Bagu\u00e9-112374270472618\",\"https:\/\/www.instagram.com\/joguinesbague\"]}]}<\/script>\n<!-- \/ Yoast SEO plugin. -->","yoast_head_json":{"title":"Pizarra de madera 2 en 1 - Joguines Bagu\u00e9","robots":{"index":"index","follow":"follow","max-snippet":"max-snippet:-1","max-image-preview":"max-image-preview:large","max-video-preview":"max-video-preview:-1"},"canonical":"https:\/\/www.joguinesbague.com\/es\/manualidades\/pizarra-de-madera-2-en-1\/","og_locale":"es_ES","og_type":"article","og_title":"Pizarra de madera 2 en 1 - Joguines Bagu\u00e9","og_description":"Descubre la Pizarra de Madera infantil de Molt\u00f3.  Esta pizarra construida con materiales resistentes, sostenibles y no t\u00f3xicos te da la posibilidad de pintar de dos formas diferentes, por un lado, es una pizarra magn\u00e9tica, por el otro, una pizarra cl\u00e1sica para pintar con tizas.  Incluye 26 letras magn\u00e9ticas, 12 tizas, 2 clips para sujetar las hojas de dibujo, 1 rotulador borrable, un borrador y 4 vasos de almacenamiento para los accesorios.","og_url":"https:\/\/www.joguinesbague.com\/es\/manualidades\/pizarra-de-madera-2-en-1\/","og_site_name":"Joguines Bagu\u00e9","article_publisher":"https:\/\/www.facebook.com\/Joguines-Bagu%c3%a9-112374270472618","article_modified_time":"2022-12-24T23:00:33+00:00","og_image":[{"width":800,"height":800,"url":"https:\/\/www.joguinesbague.com\/wp-content\/uploads\/2022\/10\/26522273_pissarrafusta_0.jpg","type":"image\/jpeg"}],"twitter_card":"summary_large_image","schema":{"@context":"https:\/\/schema.org","@graph":[{"@type":["WebPage","ItemPage"],"@id":"https:\/\/www.joguinesbague.com\/es\/manualidades\/pizarra-de-madera-2-en-1\/","url":"https:\/\/www.joguinesbague.com\/es\/manualidades\/pizarra-de-madera-2-en-1\/","name":"Pizarra de madera 2 en 1 - Joguines Bagu\u00e9","isPartOf":{"@id":"https:\/\/www.joguinesbague.com\/es\/#website"},"primaryImageOfPage":{"@id":"https:\/\/www.joguinesbague.com\/es\/manualidades\/pizarra-de-madera-2-en-1\/#primaryimage"},"image":{"@id":"https:\/\/www.joguinesbague.com\/es\/manualidades\/pizarra-de-madera-2-en-1\/#primaryimage"},"thumbnailUrl":"https:\/\/www.joguinesbague.com\/wp-content\/uploads\/2022\/10\/26522273_pissarrafusta_0.jpg","datePublished":"2022-09-14T19:14:04+00:00","dateModified":"2022-12-24T23:00:33+00:00","breadcrumb":{"@id":"https:\/\/www.joguinesbague.com\/es\/manualidades\/pizarra-de-madera-2-en-1\/#breadcrumb"},"inLanguage":"es","potentialAction":[{"@type":"ReadAction","target":["https:\/\/www.joguinesbague.com\/es\/manualidades\/pizarra-de-madera-2-en-1\/"]}]},{"@type":"ImageObject","inLanguage":"es","@id":"https:\/\/www.joguinesbague.com\/es\/manualidades\/pizarra-de-madera-2-en-1\/#primaryimage","url":"https:\/\/www.joguinesbague.com\/wp-content\/uploads\/2022\/10\/26522273_pissarrafusta_0.jpg","contentUrl":"https:\/\/www.joguinesbague.com\/wp-content\/uploads\/2022\/10\/26522273_pissarrafusta_0.jpg","width":800,"height":800},{"@type":"BreadcrumbList","@id":"https:\/\/www.joguinesbague.com\/es\/manualidades\/pizarra-de-madera-2-en-1\/#breadcrumb","itemListElement":[{"@type":"ListItem","position":1,"name":"Inicio","item":"https:\/\/www.joguinesbague.com\/es\/"},{"@type":"ListItem","position":2,"name":"Juguetes","item":"https:\/\/www.joguinesbague.com\/joguines\/"},{"@type":"ListItem","position":3,"name":"3 - 4 a\u00f1os","item":"https:\/\/www.joguinesbague.com\/es\/3-4-anos\/"},{"@type":"ListItem","position":4,"name":"Pizarra de madera 2 en 1"}]},{"@type":"WebSite","@id":"https:\/\/www.joguinesbague.com\/es\/#website","url":"https:\/\/www.joguinesbague.com\/es\/","name":"Joguines Bagu\u00e9","description":"Tienda de juguetes en la Bisbal d'Empord\u00e0","publisher":{"@id":"https:\/\/www.joguinesbague.com\/es\/#organization"},"potentialAction":[{"@type":"SearchAction","target":{"@type":"EntryPoint","urlTemplate":"https:\/\/www.joguinesbague.com\/es\/?s={search_term_string}"},"query-input":{"@type":"PropertyValueSpecification","valueRequired":true,"valueName":"search_term_string"}}],"inLanguage":"es"},{"@type":"Organization","@id":"https:\/\/www.joguinesbague.com\/es\/#organization","name":"Joguines Bagu\u00e9","url":"https:\/\/www.joguinesbague.com\/es\/","logo":{"@type":"ImageObject","inLanguage":"es","@id":"https:\/\/www.joguinesbague.com\/es\/#\/schema\/logo\/image\/","url":"https:\/\/www.joguinesbague.com\/wp-content\/uploads\/2020\/09\/AF-logotip-bague-02-e1599126400733.png","contentUrl":"https:\/\/www.joguinesbague.com\/wp-content\/uploads\/2020\/09\/AF-logotip-bague-02-e1599126400733.png","width":1024,"height":419,"caption":"Joguines Bagu\u00e9"},"image":{"@id":"https:\/\/www.joguinesbague.com\/es\/#\/schema\/logo\/image\/"},"sameAs":["https:\/\/www.facebook.com\/Joguines-Bagu\u00e9-112374270472618","https:\/\/www.instagram.com\/joguinesbague"]}]}},"brands":[{"id":167,"name":"Molt\u00f3","slug":"molto-es"}],"_links":{"self":[{"href":"https:\/\/www.joguinesbague.com\/es\/wp-json\/wp\/v2\/product\/12831","targetHints":{"allow":["GET"]}}],"collection":[{"href":"https:\/\/www.joguinesbague.com\/es\/wp-json\/wp\/v2\/product"}],"about":[{"href":"https:\/\/www.joguinesbague.com\/es\/wp-json\/wp\/v2\/types\/product"}],"wp:featuredmedia":[{"embeddable":true,"href":"https:\/\/www.joguinesbague.com\/es\/wp-json\/wp\/v2\/media\/12374"}],"wp:attachment":[{"href":"https:\/\/www.joguinesbague.com\/es\/wp-json\/wp\/v2\/media?parent=12831"}],"wp:term":[{"taxonomy":"pwb-brand","embeddable":true,"href":"https:\/\/www.joguinesbague.com\/es\/wp-json\/wp\/v2\/pwb-brand?post=12831"},{"taxonomy":"product_cat","embeddable":true,"href":"https:\/\/www.joguinesbague.com\/es\/wp-json\/wp\/v2\/product_cat?post=12831"},{"taxonomy":"product_tag","embeddable":true,"href":"https:\/\/www.joguinesbague.com\/es\/wp-json\/wp\/v2\/product_tag?post=12831"}],"curies":[{"name":"wp","href":"https:\/\/api.w.org\/{rel}","templated":true}]}}