{"id":11491,"date":"2022-09-14T21:14:06","date_gmt":"2022-09-14T19:14:06","guid":{"rendered":"https:\/\/www.joguinesbague.com\/Sense%20categoria\/tractor-fendt-amb-remolc-i-llum\/"},"modified":"2026-01-08T15:44:15","modified_gmt":"2026-01-08T14:44:15","slug":"tractor-fendt-amb-remolc-i-llum","status":"publish","type":"product","link":"https:\/\/www.joguinesbague.com\/es\/primera-infancia\/tractor-fendt-amb-remolc-i-llum\/","title":{"rendered":"Tractor Fendt amb remolc i llum"},"content":{"rendered":"","protected":false},"excerpt":{"rendered":"<p>Tractor Fendt de 65 cm de llargada amb pala i remolc, tamb\u00e9 t\u00e9 llum i fa so quan prems un bot\u00f3 que t\u00e9 just sobre la cabina.<br \/>\n\u00c9s fort, gros i manejable, recomanat per a nenes i nens de m\u00e9s de 12 mesos.<\/p>\n","protected":false},"featured_media":11994,"template":"","meta":{"_acf_changed":false},"pwb-brand":[212],"product_cat":[408,209,72],"product_tag":[],"class_list":{"0":"post-11491","1":"product","2":"type-product","3":"status-publish","4":"has-post-thumbnail","6":"pwb-brand-simba","7":"product_cat-1-2-anys","8":"product_cat-primera-infancia","9":"product_cat-vehicles","11":"first","12":"outofstock","13":"shipping-taxable","14":"purchasable","15":"product-type-simple"},"acf":[],"yoast_head":"<!-- This site is optimized with the Yoast SEO plugin v27.2 - https:\/\/yoast.com\/product\/yoast-seo-wordpress\/ -->\n<title>Tractor Fendt amb remolc i llum - Joguines Bagu\u00e9<\/title>\n<meta name=\"robots\" content=\"index, follow, max-snippet:-1, max-image-preview:large, max-video-preview:-1\" \/>\n<link rel=\"canonical\" href=\"https:\/\/www.joguinesbague.com\/es\/primera-infancia\/tractor-fendt-amb-remolc-i-llum\/\" \/>\n<meta property=\"og:locale\" content=\"es_ES\" \/>\n<meta property=\"og:type\" content=\"article\" \/>\n<meta property=\"og:title\" content=\"Tractor Fendt amb remolc i llum - Joguines Bagu\u00e9\" \/>\n<meta property=\"og:description\" content=\"Tractor Fendt de 65 cm de llargada amb pala i remolc, tamb\u00e9 t\u00e9 llum i fa so quan prems un bot\u00f3 que t\u00e9 just sobre la cabina. \u00c9s fort, gros i manejable, recomanat per a nenes i nens de m\u00e9s de 12 mesos.\" \/>\n<meta property=\"og:url\" content=\"https:\/\/www.joguinesbague.com\/es\/primera-infancia\/tractor-fendt-amb-remolc-i-llum\/\" \/>\n<meta property=\"og:site_name\" content=\"Joguines Bagu\u00e9\" \/>\n<meta property=\"article:publisher\" content=\"https:\/\/www.facebook.com\/Joguines-Bagu%c3%a9-112374270472618\" \/>\n<meta property=\"article:modified_time\" content=\"2026-01-08T14:44:15+00:00\" \/>\n<meta property=\"og:image\" content=\"https:\/\/www.joguinesbague.com\/wp-content\/uploads\/2022\/09\/33319000_tractorfendtremolcllum_0.jpg\" \/>\n\t<meta property=\"og:image:width\" content=\"800\" \/>\n\t<meta property=\"og:image:height\" content=\"800\" \/>\n\t<meta property=\"og:image:type\" content=\"image\/jpeg\" \/>\n<meta name=\"twitter:card\" content=\"summary_large_image\" \/>\n<script type=\"application\/ld+json\" class=\"yoast-schema-graph\">{\"@context\":\"https:\/\/schema.org\",\"@graph\":[{\"@type\":[\"WebPage\",\"ItemPage\"],\"@id\":\"https:\/\/www.joguinesbague.com\/es\/primera-infancia\/tractor-fendt-amb-remolc-i-llum\/\",\"url\":\"https:\/\/www.joguinesbague.com\/es\/primera-infancia\/tractor-fendt-amb-remolc-i-llum\/\",\"name\":\"Tractor Fendt amb remolc i llum - Joguines Bagu\u00e9\",\"isPartOf\":{\"@id\":\"https:\/\/www.joguinesbague.com\/es\/#website\"},\"primaryImageOfPage\":{\"@id\":\"https:\/\/www.joguinesbague.com\/es\/primera-infancia\/tractor-fendt-amb-remolc-i-llum\/#primaryimage\"},\"image\":{\"@id\":\"https:\/\/www.joguinesbague.com\/es\/primera-infancia\/tractor-fendt-amb-remolc-i-llum\/#primaryimage\"},\"thumbnailUrl\":\"https:\/\/www.joguinesbague.com\/wp-content\/uploads\/2022\/09\/33319000_tractorfendtremolcllum_0.jpg\",\"datePublished\":\"2022-09-14T19:14:06+00:00\",\"dateModified\":\"2026-01-08T14:44:15+00:00\",\"breadcrumb\":{\"@id\":\"https:\/\/www.joguinesbague.com\/es\/primera-infancia\/tractor-fendt-amb-remolc-i-llum\/#breadcrumb\"},\"inLanguage\":\"es\",\"potentialAction\":[{\"@type\":\"ReadAction\",\"target\":[\"https:\/\/www.joguinesbague.com\/es\/primera-infancia\/tractor-fendt-amb-remolc-i-llum\/\"]}]},{\"@type\":\"ImageObject\",\"inLanguage\":\"es\",\"@id\":\"https:\/\/www.joguinesbague.com\/es\/primera-infancia\/tractor-fendt-amb-remolc-i-llum\/#primaryimage\",\"url\":\"https:\/\/www.joguinesbague.com\/wp-content\/uploads\/2022\/09\/33319000_tractorfendtremolcllum_0.jpg\",\"contentUrl\":\"https:\/\/www.joguinesbague.com\/wp-content\/uploads\/2022\/09\/33319000_tractorfendtremolcllum_0.jpg\",\"width\":800,\"height\":800},{\"@type\":\"BreadcrumbList\",\"@id\":\"https:\/\/www.joguinesbague.com\/es\/primera-infancia\/tractor-fendt-amb-remolc-i-llum\/#breadcrumb\",\"itemListElement\":[{\"@type\":\"ListItem\",\"position\":1,\"name\":\"Inicio\",\"item\":\"https:\/\/www.joguinesbague.com\/es\/\"},{\"@type\":\"ListItem\",\"position\":2,\"name\":\"Juguetes\",\"item\":\"https:\/\/www.joguinesbague.com\/joguines\/\"},{\"@type\":\"ListItem\",\"position\":3,\"name\":\"Primera infancia\",\"item\":\"https:\/\/www.joguinesbague.com\/es\/primera-infancia-es\/\"},{\"@type\":\"ListItem\",\"position\":4,\"name\":\"Tractor Fendt amb remolc i llum\"}]},{\"@type\":\"WebSite\",\"@id\":\"https:\/\/www.joguinesbague.com\/es\/#website\",\"url\":\"https:\/\/www.joguinesbague.com\/es\/\",\"name\":\"Joguines Bagu\u00e9\",\"description\":\"Tienda de juguetes en la Bisbal d'Empord\u00e0\",\"publisher\":{\"@id\":\"https:\/\/www.joguinesbague.com\/es\/#organization\"},\"potentialAction\":[{\"@type\":\"SearchAction\",\"target\":{\"@type\":\"EntryPoint\",\"urlTemplate\":\"https:\/\/www.joguinesbague.com\/es\/?s={search_term_string}\"},\"query-input\":{\"@type\":\"PropertyValueSpecification\",\"valueRequired\":true,\"valueName\":\"search_term_string\"}}],\"inLanguage\":\"es\"},{\"@type\":\"Organization\",\"@id\":\"https:\/\/www.joguinesbague.com\/es\/#organization\",\"name\":\"Joguines Bagu\u00e9\",\"url\":\"https:\/\/www.joguinesbague.com\/es\/\",\"logo\":{\"@type\":\"ImageObject\",\"inLanguage\":\"es\",\"@id\":\"https:\/\/www.joguinesbague.com\/es\/#\/schema\/logo\/image\/\",\"url\":\"https:\/\/www.joguinesbague.com\/wp-content\/uploads\/2020\/09\/AF-logotip-bague-02-e1599126400733.png\",\"contentUrl\":\"https:\/\/www.joguinesbague.com\/wp-content\/uploads\/2020\/09\/AF-logotip-bague-02-e1599126400733.png\",\"width\":1024,\"height\":419,\"caption\":\"Joguines Bagu\u00e9\"},\"image\":{\"@id\":\"https:\/\/www.joguinesbague.com\/es\/#\/schema\/logo\/image\/\"},\"sameAs\":[\"https:\/\/www.facebook.com\/Joguines-Bagu\u00e9-112374270472618\",\"https:\/\/www.instagram.com\/joguinesbague\"]}]}<\/script>\n<!-- \/ Yoast SEO plugin. -->","yoast_head_json":{"title":"Tractor Fendt amb remolc i llum - Joguines Bagu\u00e9","robots":{"index":"index","follow":"follow","max-snippet":"max-snippet:-1","max-image-preview":"max-image-preview:large","max-video-preview":"max-video-preview:-1"},"canonical":"https:\/\/www.joguinesbague.com\/es\/primera-infancia\/tractor-fendt-amb-remolc-i-llum\/","og_locale":"es_ES","og_type":"article","og_title":"Tractor Fendt amb remolc i llum - Joguines Bagu\u00e9","og_description":"Tractor Fendt de 65 cm de llargada amb pala i remolc, tamb\u00e9 t\u00e9 llum i fa so quan prems un bot\u00f3 que t\u00e9 just sobre la cabina. \u00c9s fort, gros i manejable, recomanat per a nenes i nens de m\u00e9s de 12 mesos.","og_url":"https:\/\/www.joguinesbague.com\/es\/primera-infancia\/tractor-fendt-amb-remolc-i-llum\/","og_site_name":"Joguines Bagu\u00e9","article_publisher":"https:\/\/www.facebook.com\/Joguines-Bagu%c3%a9-112374270472618","article_modified_time":"2026-01-08T14:44:15+00:00","og_image":[{"width":800,"height":800,"url":"https:\/\/www.joguinesbague.com\/wp-content\/uploads\/2022\/09\/33319000_tractorfendtremolcllum_0.jpg","type":"image\/jpeg"}],"twitter_card":"summary_large_image","schema":{"@context":"https:\/\/schema.org","@graph":[{"@type":["WebPage","ItemPage"],"@id":"https:\/\/www.joguinesbague.com\/es\/primera-infancia\/tractor-fendt-amb-remolc-i-llum\/","url":"https:\/\/www.joguinesbague.com\/es\/primera-infancia\/tractor-fendt-amb-remolc-i-llum\/","name":"Tractor Fendt amb remolc i llum - Joguines Bagu\u00e9","isPartOf":{"@id":"https:\/\/www.joguinesbague.com\/es\/#website"},"primaryImageOfPage":{"@id":"https:\/\/www.joguinesbague.com\/es\/primera-infancia\/tractor-fendt-amb-remolc-i-llum\/#primaryimage"},"image":{"@id":"https:\/\/www.joguinesbague.com\/es\/primera-infancia\/tractor-fendt-amb-remolc-i-llum\/#primaryimage"},"thumbnailUrl":"https:\/\/www.joguinesbague.com\/wp-content\/uploads\/2022\/09\/33319000_tractorfendtremolcllum_0.jpg","datePublished":"2022-09-14T19:14:06+00:00","dateModified":"2026-01-08T14:44:15+00:00","breadcrumb":{"@id":"https:\/\/www.joguinesbague.com\/es\/primera-infancia\/tractor-fendt-amb-remolc-i-llum\/#breadcrumb"},"inLanguage":"es","potentialAction":[{"@type":"ReadAction","target":["https:\/\/www.joguinesbague.com\/es\/primera-infancia\/tractor-fendt-amb-remolc-i-llum\/"]}]},{"@type":"ImageObject","inLanguage":"es","@id":"https:\/\/www.joguinesbague.com\/es\/primera-infancia\/tractor-fendt-amb-remolc-i-llum\/#primaryimage","url":"https:\/\/www.joguinesbague.com\/wp-content\/uploads\/2022\/09\/33319000_tractorfendtremolcllum_0.jpg","contentUrl":"https:\/\/www.joguinesbague.com\/wp-content\/uploads\/2022\/09\/33319000_tractorfendtremolcllum_0.jpg","width":800,"height":800},{"@type":"BreadcrumbList","@id":"https:\/\/www.joguinesbague.com\/es\/primera-infancia\/tractor-fendt-amb-remolc-i-llum\/#breadcrumb","itemListElement":[{"@type":"ListItem","position":1,"name":"Inicio","item":"https:\/\/www.joguinesbague.com\/es\/"},{"@type":"ListItem","position":2,"name":"Juguetes","item":"https:\/\/www.joguinesbague.com\/joguines\/"},{"@type":"ListItem","position":3,"name":"Primera infancia","item":"https:\/\/www.joguinesbague.com\/es\/primera-infancia-es\/"},{"@type":"ListItem","position":4,"name":"Tractor Fendt amb remolc i llum"}]},{"@type":"WebSite","@id":"https:\/\/www.joguinesbague.com\/es\/#website","url":"https:\/\/www.joguinesbague.com\/es\/","name":"Joguines Bagu\u00e9","description":"Tienda de juguetes en la Bisbal d'Empord\u00e0","publisher":{"@id":"https:\/\/www.joguinesbague.com\/es\/#organization"},"potentialAction":[{"@type":"SearchAction","target":{"@type":"EntryPoint","urlTemplate":"https:\/\/www.joguinesbague.com\/es\/?s={search_term_string}"},"query-input":{"@type":"PropertyValueSpecification","valueRequired":true,"valueName":"search_term_string"}}],"inLanguage":"es"},{"@type":"Organization","@id":"https:\/\/www.joguinesbague.com\/es\/#organization","name":"Joguines Bagu\u00e9","url":"https:\/\/www.joguinesbague.com\/es\/","logo":{"@type":"ImageObject","inLanguage":"es","@id":"https:\/\/www.joguinesbague.com\/es\/#\/schema\/logo\/image\/","url":"https:\/\/www.joguinesbague.com\/wp-content\/uploads\/2020\/09\/AF-logotip-bague-02-e1599126400733.png","contentUrl":"https:\/\/www.joguinesbague.com\/wp-content\/uploads\/2020\/09\/AF-logotip-bague-02-e1599126400733.png","width":1024,"height":419,"caption":"Joguines Bagu\u00e9"},"image":{"@id":"https:\/\/www.joguinesbague.com\/es\/#\/schema\/logo\/image\/"},"sameAs":["https:\/\/www.facebook.com\/Joguines-Bagu\u00e9-112374270472618","https:\/\/www.instagram.com\/joguinesbague"]}]}},"brands":[{"id":212,"name":"Simba","slug":"simba"}],"_links":{"self":[{"href":"https:\/\/www.joguinesbague.com\/es\/wp-json\/wp\/v2\/product\/11491","targetHints":{"allow":["GET"]}}],"collection":[{"href":"https:\/\/www.joguinesbague.com\/es\/wp-json\/wp\/v2\/product"}],"about":[{"href":"https:\/\/www.joguinesbague.com\/es\/wp-json\/wp\/v2\/types\/product"}],"wp:featuredmedia":[{"embeddable":true,"href":"https:\/\/www.joguinesbague.com\/es\/wp-json\/wp\/v2\/media\/11994"}],"wp:attachment":[{"href":"https:\/\/www.joguinesbague.com\/es\/wp-json\/wp\/v2\/media?parent=11491"}],"wp:term":[{"taxonomy":"pwb-brand","embeddable":true,"href":"https:\/\/www.joguinesbague.com\/es\/wp-json\/wp\/v2\/pwb-brand?post=11491"},{"taxonomy":"product_cat","embeddable":true,"href":"https:\/\/www.joguinesbague.com\/es\/wp-json\/wp\/v2\/product_cat?post=11491"},{"taxonomy":"product_tag","embeddable":true,"href":"https:\/\/www.joguinesbague.com\/es\/wp-json\/wp\/v2\/product_tag?post=11491"}],"curies":[{"name":"wp","href":"https:\/\/api.w.org\/{rel}","templated":true}]}}