{"id":11370,"date":"2022-08-26T09:59:57","date_gmt":"2022-08-26T07:59:57","guid":{"rendered":"https:\/\/www.joguinesbague.com\/sin categor\u00eda\/vehiculo-de-rescate-de-montana-9128\/"},"modified":"2023-01-09T00:00:31","modified_gmt":"2023-01-08T23:00:31","slug":"vehiculo-de-rescate-de-montana-9128","status":"publish","type":"product","link":"https:\/\/www.joguinesbague.com\/es\/playmobil-girona\/vehiculo-de-rescate-de-montana-9128\/","title":{"rendered":"Veh\u00edculo de rescate de monta\u00f1a. 9128"},"content":{"rendered":"","protected":false},"excerpt":{"rendered":"<p>\u00a1Todo listo para una posible emergencia!<br \/>\nPara rescatar o ayudar a personas que se han perdido en la monta\u00f1a hay que ir bien equipado, estos dos agentes cuentan con un todoterreno con todo el material necesario para realizar este tipo de operaciones y con un perro adiestrado para encontrar a personas desaparecidas.<\/p>\n","protected":false},"featured_media":11302,"template":"","meta":{"_acf_changed":false},"pwb-brand":[163],"product_cat":[263,148],"product_tag":[],"class_list":{"0":"post-11370","1":"product","2":"type-product","3":"status-publish","4":"has-post-thumbnail","6":"pwb-brand-playmobil-es","7":"product_cat-colecciones-playmobil","8":"product_cat-playmobil-girona","10":"first","11":"outofstock","12":"shipping-taxable","13":"purchasable","14":"product-type-simple"},"acf":[],"yoast_head":"<!-- This site is optimized with the Yoast SEO plugin v27.2 - https:\/\/yoast.com\/product\/yoast-seo-wordpress\/ -->\n<title>Veh\u00edculo de rescate de monta\u00f1a. 9128 - Joguines Bagu\u00e9<\/title>\n<meta name=\"robots\" content=\"index, follow, max-snippet:-1, max-image-preview:large, max-video-preview:-1\" \/>\n<link rel=\"canonical\" href=\"https:\/\/www.joguinesbague.com\/es\/playmobil-girona\/vehiculo-de-rescate-de-montana-9128\/\" \/>\n<meta property=\"og:locale\" content=\"es_ES\" \/>\n<meta property=\"og:type\" content=\"article\" \/>\n<meta property=\"og:title\" content=\"Veh\u00edculo de rescate de monta\u00f1a. 9128 - Joguines Bagu\u00e9\" \/>\n<meta property=\"og:description\" content=\"\u00a1Todo listo para una posible emergencia! Para rescatar o ayudar a personas que se han perdido en la monta\u00f1a hay que ir bien equipado, estos dos agentes cuentan con un todoterreno con todo el material necesario para realizar este tipo de operaciones y con un perro adiestrado para encontrar a personas desaparecidas.\" \/>\n<meta property=\"og:url\" content=\"https:\/\/www.joguinesbague.com\/es\/playmobil-girona\/vehiculo-de-rescate-de-montana-9128\/\" \/>\n<meta property=\"og:site_name\" content=\"Joguines Bagu\u00e9\" \/>\n<meta property=\"article:publisher\" content=\"https:\/\/www.facebook.com\/Joguines-Bagu%c3%a9-112374270472618\" \/>\n<meta property=\"article:modified_time\" content=\"2023-01-08T23:00:31+00:00\" \/>\n<meta property=\"og:image\" content=\"https:\/\/www.joguinesbague.com\/wp-content\/uploads\/2022\/08\/9128_vehiclerescat_0.jpg\" \/>\n\t<meta property=\"og:image:width\" content=\"800\" \/>\n\t<meta property=\"og:image:height\" content=\"800\" \/>\n\t<meta property=\"og:image:type\" content=\"image\/jpeg\" \/>\n<meta name=\"twitter:card\" content=\"summary_large_image\" \/>\n<script type=\"application\/ld+json\" class=\"yoast-schema-graph\">{\"@context\":\"https:\/\/schema.org\",\"@graph\":[{\"@type\":[\"WebPage\",\"ItemPage\"],\"@id\":\"https:\/\/www.joguinesbague.com\/es\/playmobil-girona\/vehiculo-de-rescate-de-montana-9128\/\",\"url\":\"https:\/\/www.joguinesbague.com\/es\/playmobil-girona\/vehiculo-de-rescate-de-montana-9128\/\",\"name\":\"Veh\u00edculo de rescate de monta\u00f1a. 9128 - Joguines Bagu\u00e9\",\"isPartOf\":{\"@id\":\"https:\/\/www.joguinesbague.com\/es\/#website\"},\"primaryImageOfPage\":{\"@id\":\"https:\/\/www.joguinesbague.com\/es\/playmobil-girona\/vehiculo-de-rescate-de-montana-9128\/#primaryimage\"},\"image\":{\"@id\":\"https:\/\/www.joguinesbague.com\/es\/playmobil-girona\/vehiculo-de-rescate-de-montana-9128\/#primaryimage\"},\"thumbnailUrl\":\"https:\/\/www.joguinesbague.com\/wp-content\/uploads\/2022\/08\/9128_vehiclerescat_0.jpg\",\"datePublished\":\"2022-08-26T07:59:57+00:00\",\"dateModified\":\"2023-01-08T23:00:31+00:00\",\"breadcrumb\":{\"@id\":\"https:\/\/www.joguinesbague.com\/es\/playmobil-girona\/vehiculo-de-rescate-de-montana-9128\/#breadcrumb\"},\"inLanguage\":\"es\",\"potentialAction\":[{\"@type\":\"ReadAction\",\"target\":[\"https:\/\/www.joguinesbague.com\/es\/playmobil-girona\/vehiculo-de-rescate-de-montana-9128\/\"]}]},{\"@type\":\"ImageObject\",\"inLanguage\":\"es\",\"@id\":\"https:\/\/www.joguinesbague.com\/es\/playmobil-girona\/vehiculo-de-rescate-de-montana-9128\/#primaryimage\",\"url\":\"https:\/\/www.joguinesbague.com\/wp-content\/uploads\/2022\/08\/9128_vehiclerescat_0.jpg\",\"contentUrl\":\"https:\/\/www.joguinesbague.com\/wp-content\/uploads\/2022\/08\/9128_vehiclerescat_0.jpg\",\"width\":800,\"height\":800},{\"@type\":\"BreadcrumbList\",\"@id\":\"https:\/\/www.joguinesbague.com\/es\/playmobil-girona\/vehiculo-de-rescate-de-montana-9128\/#breadcrumb\",\"itemListElement\":[{\"@type\":\"ListItem\",\"position\":1,\"name\":\"Inicio\",\"item\":\"https:\/\/www.joguinesbague.com\/es\/\"},{\"@type\":\"ListItem\",\"position\":2,\"name\":\"Juguetes\",\"item\":\"https:\/\/www.joguinesbague.com\/joguines\/\"},{\"@type\":\"ListItem\",\"position\":3,\"name\":\"Playmobil\",\"item\":\"https:\/\/www.joguinesbague.com\/es\/playmobil-girona\/\"},{\"@type\":\"ListItem\",\"position\":4,\"name\":\"Veh\u00edculo de rescate de monta\u00f1a. 9128\"}]},{\"@type\":\"WebSite\",\"@id\":\"https:\/\/www.joguinesbague.com\/es\/#website\",\"url\":\"https:\/\/www.joguinesbague.com\/es\/\",\"name\":\"Joguines Bagu\u00e9\",\"description\":\"Tienda de juguetes en la Bisbal d'Empord\u00e0\",\"publisher\":{\"@id\":\"https:\/\/www.joguinesbague.com\/es\/#organization\"},\"potentialAction\":[{\"@type\":\"SearchAction\",\"target\":{\"@type\":\"EntryPoint\",\"urlTemplate\":\"https:\/\/www.joguinesbague.com\/es\/?s={search_term_string}\"},\"query-input\":{\"@type\":\"PropertyValueSpecification\",\"valueRequired\":true,\"valueName\":\"search_term_string\"}}],\"inLanguage\":\"es\"},{\"@type\":\"Organization\",\"@id\":\"https:\/\/www.joguinesbague.com\/es\/#organization\",\"name\":\"Joguines Bagu\u00e9\",\"url\":\"https:\/\/www.joguinesbague.com\/es\/\",\"logo\":{\"@type\":\"ImageObject\",\"inLanguage\":\"es\",\"@id\":\"https:\/\/www.joguinesbague.com\/es\/#\/schema\/logo\/image\/\",\"url\":\"https:\/\/www.joguinesbague.com\/wp-content\/uploads\/2020\/09\/AF-logotip-bague-02-e1599126400733.png\",\"contentUrl\":\"https:\/\/www.joguinesbague.com\/wp-content\/uploads\/2020\/09\/AF-logotip-bague-02-e1599126400733.png\",\"width\":1024,\"height\":419,\"caption\":\"Joguines Bagu\u00e9\"},\"image\":{\"@id\":\"https:\/\/www.joguinesbague.com\/es\/#\/schema\/logo\/image\/\"},\"sameAs\":[\"https:\/\/www.facebook.com\/Joguines-Bagu\u00e9-112374270472618\",\"https:\/\/www.instagram.com\/joguinesbague\"]}]}<\/script>\n<!-- \/ Yoast SEO plugin. -->","yoast_head_json":{"title":"Veh\u00edculo de rescate de monta\u00f1a. 9128 - Joguines Bagu\u00e9","robots":{"index":"index","follow":"follow","max-snippet":"max-snippet:-1","max-image-preview":"max-image-preview:large","max-video-preview":"max-video-preview:-1"},"canonical":"https:\/\/www.joguinesbague.com\/es\/playmobil-girona\/vehiculo-de-rescate-de-montana-9128\/","og_locale":"es_ES","og_type":"article","og_title":"Veh\u00edculo de rescate de monta\u00f1a. 9128 - Joguines Bagu\u00e9","og_description":"\u00a1Todo listo para una posible emergencia! Para rescatar o ayudar a personas que se han perdido en la monta\u00f1a hay que ir bien equipado, estos dos agentes cuentan con un todoterreno con todo el material necesario para realizar este tipo de operaciones y con un perro adiestrado para encontrar a personas desaparecidas.","og_url":"https:\/\/www.joguinesbague.com\/es\/playmobil-girona\/vehiculo-de-rescate-de-montana-9128\/","og_site_name":"Joguines Bagu\u00e9","article_publisher":"https:\/\/www.facebook.com\/Joguines-Bagu%c3%a9-112374270472618","article_modified_time":"2023-01-08T23:00:31+00:00","og_image":[{"width":800,"height":800,"url":"https:\/\/www.joguinesbague.com\/wp-content\/uploads\/2022\/08\/9128_vehiclerescat_0.jpg","type":"image\/jpeg"}],"twitter_card":"summary_large_image","schema":{"@context":"https:\/\/schema.org","@graph":[{"@type":["WebPage","ItemPage"],"@id":"https:\/\/www.joguinesbague.com\/es\/playmobil-girona\/vehiculo-de-rescate-de-montana-9128\/","url":"https:\/\/www.joguinesbague.com\/es\/playmobil-girona\/vehiculo-de-rescate-de-montana-9128\/","name":"Veh\u00edculo de rescate de monta\u00f1a. 9128 - Joguines Bagu\u00e9","isPartOf":{"@id":"https:\/\/www.joguinesbague.com\/es\/#website"},"primaryImageOfPage":{"@id":"https:\/\/www.joguinesbague.com\/es\/playmobil-girona\/vehiculo-de-rescate-de-montana-9128\/#primaryimage"},"image":{"@id":"https:\/\/www.joguinesbague.com\/es\/playmobil-girona\/vehiculo-de-rescate-de-montana-9128\/#primaryimage"},"thumbnailUrl":"https:\/\/www.joguinesbague.com\/wp-content\/uploads\/2022\/08\/9128_vehiclerescat_0.jpg","datePublished":"2022-08-26T07:59:57+00:00","dateModified":"2023-01-08T23:00:31+00:00","breadcrumb":{"@id":"https:\/\/www.joguinesbague.com\/es\/playmobil-girona\/vehiculo-de-rescate-de-montana-9128\/#breadcrumb"},"inLanguage":"es","potentialAction":[{"@type":"ReadAction","target":["https:\/\/www.joguinesbague.com\/es\/playmobil-girona\/vehiculo-de-rescate-de-montana-9128\/"]}]},{"@type":"ImageObject","inLanguage":"es","@id":"https:\/\/www.joguinesbague.com\/es\/playmobil-girona\/vehiculo-de-rescate-de-montana-9128\/#primaryimage","url":"https:\/\/www.joguinesbague.com\/wp-content\/uploads\/2022\/08\/9128_vehiclerescat_0.jpg","contentUrl":"https:\/\/www.joguinesbague.com\/wp-content\/uploads\/2022\/08\/9128_vehiclerescat_0.jpg","width":800,"height":800},{"@type":"BreadcrumbList","@id":"https:\/\/www.joguinesbague.com\/es\/playmobil-girona\/vehiculo-de-rescate-de-montana-9128\/#breadcrumb","itemListElement":[{"@type":"ListItem","position":1,"name":"Inicio","item":"https:\/\/www.joguinesbague.com\/es\/"},{"@type":"ListItem","position":2,"name":"Juguetes","item":"https:\/\/www.joguinesbague.com\/joguines\/"},{"@type":"ListItem","position":3,"name":"Playmobil","item":"https:\/\/www.joguinesbague.com\/es\/playmobil-girona\/"},{"@type":"ListItem","position":4,"name":"Veh\u00edculo de rescate de monta\u00f1a. 9128"}]},{"@type":"WebSite","@id":"https:\/\/www.joguinesbague.com\/es\/#website","url":"https:\/\/www.joguinesbague.com\/es\/","name":"Joguines Bagu\u00e9","description":"Tienda de juguetes en la Bisbal d'Empord\u00e0","publisher":{"@id":"https:\/\/www.joguinesbague.com\/es\/#organization"},"potentialAction":[{"@type":"SearchAction","target":{"@type":"EntryPoint","urlTemplate":"https:\/\/www.joguinesbague.com\/es\/?s={search_term_string}"},"query-input":{"@type":"PropertyValueSpecification","valueRequired":true,"valueName":"search_term_string"}}],"inLanguage":"es"},{"@type":"Organization","@id":"https:\/\/www.joguinesbague.com\/es\/#organization","name":"Joguines Bagu\u00e9","url":"https:\/\/www.joguinesbague.com\/es\/","logo":{"@type":"ImageObject","inLanguage":"es","@id":"https:\/\/www.joguinesbague.com\/es\/#\/schema\/logo\/image\/","url":"https:\/\/www.joguinesbague.com\/wp-content\/uploads\/2020\/09\/AF-logotip-bague-02-e1599126400733.png","contentUrl":"https:\/\/www.joguinesbague.com\/wp-content\/uploads\/2020\/09\/AF-logotip-bague-02-e1599126400733.png","width":1024,"height":419,"caption":"Joguines Bagu\u00e9"},"image":{"@id":"https:\/\/www.joguinesbague.com\/es\/#\/schema\/logo\/image\/"},"sameAs":["https:\/\/www.facebook.com\/Joguines-Bagu\u00e9-112374270472618","https:\/\/www.instagram.com\/joguinesbague"]}]}},"brands":[{"id":163,"name":"Playmobil","slug":"playmobil-es"}],"_links":{"self":[{"href":"https:\/\/www.joguinesbague.com\/es\/wp-json\/wp\/v2\/product\/11370","targetHints":{"allow":["GET"]}}],"collection":[{"href":"https:\/\/www.joguinesbague.com\/es\/wp-json\/wp\/v2\/product"}],"about":[{"href":"https:\/\/www.joguinesbague.com\/es\/wp-json\/wp\/v2\/types\/product"}],"wp:featuredmedia":[{"embeddable":true,"href":"https:\/\/www.joguinesbague.com\/es\/wp-json\/wp\/v2\/media\/11302"}],"wp:attachment":[{"href":"https:\/\/www.joguinesbague.com\/es\/wp-json\/wp\/v2\/media?parent=11370"}],"wp:term":[{"taxonomy":"pwb-brand","embeddable":true,"href":"https:\/\/www.joguinesbague.com\/es\/wp-json\/wp\/v2\/pwb-brand?post=11370"},{"taxonomy":"product_cat","embeddable":true,"href":"https:\/\/www.joguinesbague.com\/es\/wp-json\/wp\/v2\/product_cat?post=11370"},{"taxonomy":"product_tag","embeddable":true,"href":"https:\/\/www.joguinesbague.com\/es\/wp-json\/wp\/v2\/product_tag?post=11370"}],"curies":[{"name":"wp","href":"https:\/\/api.w.org\/{rel}","templated":true}]}}