{"id":10476,"date":"2022-05-14T12:17:05","date_gmt":"2022-05-14T10:17:05","guid":{"rendered":"https:\/\/www.joguinesbague.com\/sin categor\u00eda\/piscina-desmontable-260x160x65-cm-sin-depuradora\/"},"modified":"2022-05-14T12:17:05","modified_gmt":"2022-05-14T10:17:05","slug":"piscina-desmontable-260x160x65-cm-sin-depuradora","status":"publish","type":"product","link":"https:\/\/www.joguinesbague.com\/es\/verano\/piscina-desmontable-260x160x65-cm-sin-depuradora\/","title":{"rendered":"Piscina desmontable 260x160x65 cm sin depuradora."},"content":{"rendered":"","protected":false},"excerpt":{"rendered":"<p>Piscina rectangular desmontable con estructura met\u00e1lica y lona resistente de tres capas de PVC-poli\u00e9ster de color azul.<br \/>\nMide 260x160x65 cm, tiene una capacidad para 2828 litros de agua y est\u00e1 preparada para poder conectar una depuradora, ya que incorpora conexiones para mangueras de 32mm y sistema Hydro Aeration Technology que mejora la filtraci\u00f3n y aumenta la pureza del agua.<br \/>\nPara depurar esta piscina se recomienda la depuradora con caudal m\u00ednimo de 1250 l\/h.<\/p>\n","protected":false},"featured_media":10452,"template":"","meta":{"_acf_changed":false},"pwb-brand":[201],"product_cat":[241,154],"product_tag":[],"class_list":{"0":"post-10476","1":"product","2":"type-product","3":"status-publish","4":"has-post-thumbnail","6":"pwb-brand-intex-es","7":"product_cat-piscinas","8":"product_cat-verano","10":"first","11":"outofstock","12":"shipping-taxable","13":"purchasable","14":"product-type-simple"},"acf":[],"yoast_head":"<!-- This site is optimized with the Yoast SEO plugin v27.2 - https:\/\/yoast.com\/product\/yoast-seo-wordpress\/ -->\n<title>Piscina desmontable 260x160x65 cm sin depuradora. - Joguines Bagu\u00e9<\/title>\n<meta name=\"robots\" content=\"index, follow, max-snippet:-1, max-image-preview:large, max-video-preview:-1\" \/>\n<link rel=\"canonical\" href=\"https:\/\/www.joguinesbague.com\/es\/verano\/piscina-desmontable-260x160x65-cm-sin-depuradora\/\" \/>\n<meta property=\"og:locale\" content=\"es_ES\" \/>\n<meta property=\"og:type\" content=\"article\" \/>\n<meta property=\"og:title\" content=\"Piscina desmontable 260x160x65 cm sin depuradora. - Joguines Bagu\u00e9\" \/>\n<meta property=\"og:description\" content=\"Piscina rectangular desmontable con estructura met\u00e1lica y lona resistente de tres capas de PVC-poli\u00e9ster de color azul. Mide 260x160x65 cm, tiene una capacidad para 2828 litros de agua y est\u00e1 preparada para poder conectar una depuradora, ya que incorpora conexiones para mangueras de 32mm y sistema Hydro Aeration Technology que mejora la filtraci\u00f3n y aumenta la pureza del agua. Para depurar esta piscina se recomienda la depuradora con caudal m\u00ednimo de 1250 l\/h.\" \/>\n<meta property=\"og:url\" content=\"https:\/\/www.joguinesbague.com\/es\/verano\/piscina-desmontable-260x160x65-cm-sin-depuradora\/\" \/>\n<meta property=\"og:site_name\" content=\"Joguines Bagu\u00e9\" \/>\n<meta property=\"article:publisher\" content=\"https:\/\/www.facebook.com\/Joguines-Bagu%c3%a9-112374270472618\" \/>\n<meta property=\"og:image\" content=\"https:\/\/www.joguinesbague.com\/wp-content\/uploads\/2022\/05\/90758980_rectangular260_0.jpg\" \/>\n\t<meta property=\"og:image:width\" content=\"800\" \/>\n\t<meta property=\"og:image:height\" content=\"800\" \/>\n\t<meta property=\"og:image:type\" content=\"image\/jpeg\" \/>\n<meta name=\"twitter:card\" content=\"summary_large_image\" \/>\n<script type=\"application\/ld+json\" class=\"yoast-schema-graph\">{\"@context\":\"https:\/\/schema.org\",\"@graph\":[{\"@type\":[\"WebPage\",\"ItemPage\"],\"@id\":\"https:\/\/www.joguinesbague.com\/es\/verano\/piscina-desmontable-260x160x65-cm-sin-depuradora\/\",\"url\":\"https:\/\/www.joguinesbague.com\/es\/verano\/piscina-desmontable-260x160x65-cm-sin-depuradora\/\",\"name\":\"Piscina desmontable 260x160x65 cm sin depuradora. - Joguines Bagu\u00e9\",\"isPartOf\":{\"@id\":\"https:\/\/www.joguinesbague.com\/es\/#website\"},\"primaryImageOfPage\":{\"@id\":\"https:\/\/www.joguinesbague.com\/es\/verano\/piscina-desmontable-260x160x65-cm-sin-depuradora\/#primaryimage\"},\"image\":{\"@id\":\"https:\/\/www.joguinesbague.com\/es\/verano\/piscina-desmontable-260x160x65-cm-sin-depuradora\/#primaryimage\"},\"thumbnailUrl\":\"https:\/\/www.joguinesbague.com\/wp-content\/uploads\/2022\/05\/90758980_rectangular260_0.jpg\",\"datePublished\":\"2022-05-14T10:17:05+00:00\",\"breadcrumb\":{\"@id\":\"https:\/\/www.joguinesbague.com\/es\/verano\/piscina-desmontable-260x160x65-cm-sin-depuradora\/#breadcrumb\"},\"inLanguage\":\"es\",\"potentialAction\":[{\"@type\":\"ReadAction\",\"target\":[\"https:\/\/www.joguinesbague.com\/es\/verano\/piscina-desmontable-260x160x65-cm-sin-depuradora\/\"]}]},{\"@type\":\"ImageObject\",\"inLanguage\":\"es\",\"@id\":\"https:\/\/www.joguinesbague.com\/es\/verano\/piscina-desmontable-260x160x65-cm-sin-depuradora\/#primaryimage\",\"url\":\"https:\/\/www.joguinesbague.com\/wp-content\/uploads\/2022\/05\/90758980_rectangular260_0.jpg\",\"contentUrl\":\"https:\/\/www.joguinesbague.com\/wp-content\/uploads\/2022\/05\/90758980_rectangular260_0.jpg\",\"width\":800,\"height\":800},{\"@type\":\"BreadcrumbList\",\"@id\":\"https:\/\/www.joguinesbague.com\/es\/verano\/piscina-desmontable-260x160x65-cm-sin-depuradora\/#breadcrumb\",\"itemListElement\":[{\"@type\":\"ListItem\",\"position\":1,\"name\":\"Inicio\",\"item\":\"https:\/\/www.joguinesbague.com\/es\/\"},{\"@type\":\"ListItem\",\"position\":2,\"name\":\"Juguetes\",\"item\":\"https:\/\/www.joguinesbague.com\/joguines\/\"},{\"@type\":\"ListItem\",\"position\":3,\"name\":\"Verano\",\"item\":\"https:\/\/www.joguinesbague.com\/es\/verano\/\"},{\"@type\":\"ListItem\",\"position\":4,\"name\":\"Piscina desmontable 260x160x65 cm sin depuradora.\"}]},{\"@type\":\"WebSite\",\"@id\":\"https:\/\/www.joguinesbague.com\/es\/#website\",\"url\":\"https:\/\/www.joguinesbague.com\/es\/\",\"name\":\"Joguines Bagu\u00e9\",\"description\":\"Tienda de juguetes en la Bisbal d'Empord\u00e0\",\"publisher\":{\"@id\":\"https:\/\/www.joguinesbague.com\/es\/#organization\"},\"potentialAction\":[{\"@type\":\"SearchAction\",\"target\":{\"@type\":\"EntryPoint\",\"urlTemplate\":\"https:\/\/www.joguinesbague.com\/es\/?s={search_term_string}\"},\"query-input\":{\"@type\":\"PropertyValueSpecification\",\"valueRequired\":true,\"valueName\":\"search_term_string\"}}],\"inLanguage\":\"es\"},{\"@type\":\"Organization\",\"@id\":\"https:\/\/www.joguinesbague.com\/es\/#organization\",\"name\":\"Joguines Bagu\u00e9\",\"url\":\"https:\/\/www.joguinesbague.com\/es\/\",\"logo\":{\"@type\":\"ImageObject\",\"inLanguage\":\"es\",\"@id\":\"https:\/\/www.joguinesbague.com\/es\/#\/schema\/logo\/image\/\",\"url\":\"https:\/\/www.joguinesbague.com\/wp-content\/uploads\/2020\/09\/AF-logotip-bague-02-e1599126400733.png\",\"contentUrl\":\"https:\/\/www.joguinesbague.com\/wp-content\/uploads\/2020\/09\/AF-logotip-bague-02-e1599126400733.png\",\"width\":1024,\"height\":419,\"caption\":\"Joguines Bagu\u00e9\"},\"image\":{\"@id\":\"https:\/\/www.joguinesbague.com\/es\/#\/schema\/logo\/image\/\"},\"sameAs\":[\"https:\/\/www.facebook.com\/Joguines-Bagu\u00e9-112374270472618\",\"https:\/\/www.instagram.com\/joguinesbague\"]}]}<\/script>\n<!-- \/ Yoast SEO plugin. -->","yoast_head_json":{"title":"Piscina desmontable 260x160x65 cm sin depuradora. - Joguines Bagu\u00e9","robots":{"index":"index","follow":"follow","max-snippet":"max-snippet:-1","max-image-preview":"max-image-preview:large","max-video-preview":"max-video-preview:-1"},"canonical":"https:\/\/www.joguinesbague.com\/es\/verano\/piscina-desmontable-260x160x65-cm-sin-depuradora\/","og_locale":"es_ES","og_type":"article","og_title":"Piscina desmontable 260x160x65 cm sin depuradora. - Joguines Bagu\u00e9","og_description":"Piscina rectangular desmontable con estructura met\u00e1lica y lona resistente de tres capas de PVC-poli\u00e9ster de color azul. Mide 260x160x65 cm, tiene una capacidad para 2828 litros de agua y est\u00e1 preparada para poder conectar una depuradora, ya que incorpora conexiones para mangueras de 32mm y sistema Hydro Aeration Technology que mejora la filtraci\u00f3n y aumenta la pureza del agua. Para depurar esta piscina se recomienda la depuradora con caudal m\u00ednimo de 1250 l\/h.","og_url":"https:\/\/www.joguinesbague.com\/es\/verano\/piscina-desmontable-260x160x65-cm-sin-depuradora\/","og_site_name":"Joguines Bagu\u00e9","article_publisher":"https:\/\/www.facebook.com\/Joguines-Bagu%c3%a9-112374270472618","og_image":[{"width":800,"height":800,"url":"https:\/\/www.joguinesbague.com\/wp-content\/uploads\/2022\/05\/90758980_rectangular260_0.jpg","type":"image\/jpeg"}],"twitter_card":"summary_large_image","schema":{"@context":"https:\/\/schema.org","@graph":[{"@type":["WebPage","ItemPage"],"@id":"https:\/\/www.joguinesbague.com\/es\/verano\/piscina-desmontable-260x160x65-cm-sin-depuradora\/","url":"https:\/\/www.joguinesbague.com\/es\/verano\/piscina-desmontable-260x160x65-cm-sin-depuradora\/","name":"Piscina desmontable 260x160x65 cm sin depuradora. - Joguines Bagu\u00e9","isPartOf":{"@id":"https:\/\/www.joguinesbague.com\/es\/#website"},"primaryImageOfPage":{"@id":"https:\/\/www.joguinesbague.com\/es\/verano\/piscina-desmontable-260x160x65-cm-sin-depuradora\/#primaryimage"},"image":{"@id":"https:\/\/www.joguinesbague.com\/es\/verano\/piscina-desmontable-260x160x65-cm-sin-depuradora\/#primaryimage"},"thumbnailUrl":"https:\/\/www.joguinesbague.com\/wp-content\/uploads\/2022\/05\/90758980_rectangular260_0.jpg","datePublished":"2022-05-14T10:17:05+00:00","breadcrumb":{"@id":"https:\/\/www.joguinesbague.com\/es\/verano\/piscina-desmontable-260x160x65-cm-sin-depuradora\/#breadcrumb"},"inLanguage":"es","potentialAction":[{"@type":"ReadAction","target":["https:\/\/www.joguinesbague.com\/es\/verano\/piscina-desmontable-260x160x65-cm-sin-depuradora\/"]}]},{"@type":"ImageObject","inLanguage":"es","@id":"https:\/\/www.joguinesbague.com\/es\/verano\/piscina-desmontable-260x160x65-cm-sin-depuradora\/#primaryimage","url":"https:\/\/www.joguinesbague.com\/wp-content\/uploads\/2022\/05\/90758980_rectangular260_0.jpg","contentUrl":"https:\/\/www.joguinesbague.com\/wp-content\/uploads\/2022\/05\/90758980_rectangular260_0.jpg","width":800,"height":800},{"@type":"BreadcrumbList","@id":"https:\/\/www.joguinesbague.com\/es\/verano\/piscina-desmontable-260x160x65-cm-sin-depuradora\/#breadcrumb","itemListElement":[{"@type":"ListItem","position":1,"name":"Inicio","item":"https:\/\/www.joguinesbague.com\/es\/"},{"@type":"ListItem","position":2,"name":"Juguetes","item":"https:\/\/www.joguinesbague.com\/joguines\/"},{"@type":"ListItem","position":3,"name":"Verano","item":"https:\/\/www.joguinesbague.com\/es\/verano\/"},{"@type":"ListItem","position":4,"name":"Piscina desmontable 260x160x65 cm sin depuradora."}]},{"@type":"WebSite","@id":"https:\/\/www.joguinesbague.com\/es\/#website","url":"https:\/\/www.joguinesbague.com\/es\/","name":"Joguines Bagu\u00e9","description":"Tienda de juguetes en la Bisbal d'Empord\u00e0","publisher":{"@id":"https:\/\/www.joguinesbague.com\/es\/#organization"},"potentialAction":[{"@type":"SearchAction","target":{"@type":"EntryPoint","urlTemplate":"https:\/\/www.joguinesbague.com\/es\/?s={search_term_string}"},"query-input":{"@type":"PropertyValueSpecification","valueRequired":true,"valueName":"search_term_string"}}],"inLanguage":"es"},{"@type":"Organization","@id":"https:\/\/www.joguinesbague.com\/es\/#organization","name":"Joguines Bagu\u00e9","url":"https:\/\/www.joguinesbague.com\/es\/","logo":{"@type":"ImageObject","inLanguage":"es","@id":"https:\/\/www.joguinesbague.com\/es\/#\/schema\/logo\/image\/","url":"https:\/\/www.joguinesbague.com\/wp-content\/uploads\/2020\/09\/AF-logotip-bague-02-e1599126400733.png","contentUrl":"https:\/\/www.joguinesbague.com\/wp-content\/uploads\/2020\/09\/AF-logotip-bague-02-e1599126400733.png","width":1024,"height":419,"caption":"Joguines Bagu\u00e9"},"image":{"@id":"https:\/\/www.joguinesbague.com\/es\/#\/schema\/logo\/image\/"},"sameAs":["https:\/\/www.facebook.com\/Joguines-Bagu\u00e9-112374270472618","https:\/\/www.instagram.com\/joguinesbague"]}]}},"brands":[{"id":201,"name":"Intex","slug":"intex-es"}],"_links":{"self":[{"href":"https:\/\/www.joguinesbague.com\/es\/wp-json\/wp\/v2\/product\/10476","targetHints":{"allow":["GET"]}}],"collection":[{"href":"https:\/\/www.joguinesbague.com\/es\/wp-json\/wp\/v2\/product"}],"about":[{"href":"https:\/\/www.joguinesbague.com\/es\/wp-json\/wp\/v2\/types\/product"}],"wp:featuredmedia":[{"embeddable":true,"href":"https:\/\/www.joguinesbague.com\/es\/wp-json\/wp\/v2\/media\/10452"}],"wp:attachment":[{"href":"https:\/\/www.joguinesbague.com\/es\/wp-json\/wp\/v2\/media?parent=10476"}],"wp:term":[{"taxonomy":"pwb-brand","embeddable":true,"href":"https:\/\/www.joguinesbague.com\/es\/wp-json\/wp\/v2\/pwb-brand?post=10476"},{"taxonomy":"product_cat","embeddable":true,"href":"https:\/\/www.joguinesbague.com\/es\/wp-json\/wp\/v2\/product_cat?post=10476"},{"taxonomy":"product_tag","embeddable":true,"href":"https:\/\/www.joguinesbague.com\/es\/wp-json\/wp\/v2\/product_tag?post=10476"}],"curies":[{"name":"wp","href":"https:\/\/api.w.org\/{rel}","templated":true}]}}