{"id":5645,"date":"2021-08-05T12:34:59","date_gmt":"2021-08-05T10:34:59","guid":{"rendered":"https:\/\/www.joguinesbague.com\/politica-de-privacidad\/"},"modified":"2021-08-05T12:34:59","modified_gmt":"2021-08-05T10:34:59","slug":"politica-de-privacidad","status":"publish","type":"page","link":"https:\/\/www.joguinesbague.com\/es\/politica-de-privacidad\/","title":{"rendered":"Pol\u00edtica de privacidad"},"content":{"rendered":"\t\t<div data-elementor-type=\"wp-page\" data-elementor-id=\"5645\" class=\"elementor elementor-5645 elementor-3\" data-elementor-post-type=\"page\">\n\t\t\t\t\t\t<section class=\"elementor-section elementor-top-section elementor-element elementor-element-1e1df0d2 elementor-section-boxed elementor-section-height-default elementor-section-height-default\" data-id=\"1e1df0d2\" data-element_type=\"section\" data-e-type=\"section\">\n\t\t\t\t\t\t<div class=\"elementor-container elementor-column-gap-default\">\n\t\t\t\t\t<div class=\"elementor-column elementor-col-100 elementor-top-column elementor-element elementor-element-43c0950c\" data-id=\"43c0950c\" data-element_type=\"column\" data-e-type=\"column\">\n\t\t\t<div class=\"elementor-widget-wrap elementor-element-populated\">\n\t\t\t\t\t\t<div class=\"elementor-element elementor-element-72847c2b elementor-widget elementor-widget-text-editor\" data-id=\"72847c2b\" data-element_type=\"widget\" data-e-type=\"widget\" data-widget_type=\"text-editor.default\">\n\t\t\t\t<div class=\"elementor-widget-container\">\n\t\t\t\t\t\t\t\t\t<p>En cumplimiento de la Ley 34\/2002, de 11 de julio, de servicios de la sociedad de la informaci\u00f3n y de comercio electr\u00f3nico, le informamos que la tienda online&nbsp;<a\nhref=\"https:\/\/www.joguinesbague.com\/es\/\">https:\/\/www.joguinesbague.com<\/a> es propiedad de Imma Bagu\u00e9 Combis ( Joguines Bagu\u00e9) con la tienda f\u00edsica y domicilio fiscal en Plaza Francesc Maci\u00e0 n\u00ba2, 17100 La Bisbal d&#8217;Empord\u00e0 ( Girona), con DNI:77998068P.\n<\/p>\n<p>Pod\u00e9is contactar con nosotros a trav\u00e9s del correo electr\u00f3nico a&nbsp;<a\nhref=\"mailto:info@joguinesbague.com\">info@joguinesbague.com<\/a>&nbsp;o al tel\u00e9fono&nbsp;<a href=\"tel:+34616207822\">616 20 78 22<\/a>&nbsp;en horario de atenci\u00f3n al p\u00fablico web ( de 9:00 a 13:00 y de 16:30 a 20:00 de lunes a s\u00e1bado).<\/p>\n<h2>Limitaci\u00f3n de la responsabilidad<\/h2>\n<p>A Joguines Bagu\u00e9 no nos responsabilizamos del mal uso que se realice de los contenidos de nuestra p\u00e1gina web, siendo exclusivamente responsabilidad de la persona que accede en ellas o que las utiliza.<\/p>\n<p>Joguines Bagu\u00e9 declara haber adoptado todas las medidas necesarias para evitar cualquier da\u00f1o que a los usuarios de su sitio web, pueda derivarse de la navegaci\u00f3n por la misma. En consecuencia, Joguines Bagu\u00e9 no se hace responsable, en ning\u00fan caso, de eventuales da\u00f1os que debido a la navegaci\u00f3n en internet pudiera sufrir el usuario.<\/p>\n<h2>Pol\u00edtica de enlaces<\/h2>\n<p>Joguines Bagu\u00e9 no se hace responsable del contenido ni de la informaci\u00f3n de las p\u00e1ginas web de terceros a las que el usuario pueda acceder a trav\u00e9s de enlaces establecidos en el nuestro sitio web.<br \/>\nAs\u00ed mismo, tampoco garantir\u00e1 la disponibilidad t\u00e9cnica, exactitud, veracidad, validez o legalidad de p\u00e1ginas alienas a su propiedad a las que se pueda acceder mediante los enlaces.<\/p>\n<h2>Modificaciones<\/h2>\n<p>Joguines Bagu\u00e9 se reserva el derecho de realizar las modificaciones que considere oportunas, sin aviso previo, del contenido de su sitio web y tambi\u00e9n en las condiciones de uso de la misma.<\/p>\n<h3>Compromisos y obligaciones con nuestros usuarios<\/h3>\n<p>El usuario queda informado y acepta que el acceso a joguinesbague.com no supone, de ninguna manera, el inicio de una relaci\u00f3n comercial con Joguines Bagu\u00e9.<br \/>\nDe esta forma, el usuario se compromete a utilizar el sitio web y sus servicios y contenidos sin contravenir la legislaci\u00f3n vigente, la buena fe y el orden p\u00fablico. Queda prohibido el uso de la web con finalidades il\u00edcitas o lesivas, o que en cualquier forma puedan causar perjuicio o impedir el normal funcionamiento del sitio web.<\/p>\n<p>El acceso y uso de la p\u00e1gina web de joguinesbague.com que se atribuye a quien lo realiza con condici\u00f3n de usuario, aceptando des de este mismo momento, plenamente y sin reserva alguna , el presente Aviso Legal en relaci\u00f3n a determinados servicios y contenidos.<\/p>\n<p>En la utilizaci\u00f3n de la web joguinesbague.com. el usuario se compromete en no llevar a cabo ninguna conducta que pueda da\u00f1ar la imagen, los intereses y los derechos de Joguines Bagu\u00e9, de terceros o que pueda da\u00f1ar, inutilizar o sobrecargar la web e impedir\u00e1 la utilizaci\u00f3n normal de la web de joguinesbague.com.<\/p>\n<h2>Propiedad intelectual y derechos de autor.<\/h2>\n<p>Esta p\u00e1gina web combina contenido propio con im\u00e1genes de libre uso y difusi\u00f3n. Este tipo de im\u00e1genes pueden ser substituidas a medida que Joguines Bagu\u00e9 vaya generando contenido propio con su actividad.<\/p>\n<p>Los contenidos que son mostrados en esta web, en espacial los dise\u00f1os, textos, im\u00e1genes o fotograf\u00edas de proyectos, gr\u00e1ficas, logos, iconos, botones, nombres comerciales, marcas o cualquier otro signo susceptible de utilizaci\u00f3n a nivel comercial o industrial, est\u00e1n sujetas a la legislaci\u00f3n en materia de propiedad intelectual e industrial, son propiedad de Joguines Bagu\u00e9 o de aquellos terceros titulares que hayan autorizado debidamente su inclusi\u00f3n en esta web.<\/p>\n<p>De ning\u00fan caso se entender\u00e1 concedida licencia alguna o renuncia, transmisi\u00f3n, sesi\u00f3n total o parcial de estos derechos ni concesi\u00f3n de derecho ni expectativa de derecho, y especialmente, de alteraci\u00f3n, explotaci\u00f3n, reproducci\u00f3n, distribuci\u00f3n o comunicaci\u00f3n p\u00fablica sobre estos contenidos sin la previa autorizaci\u00f3n de Joguines Bagu\u00e9.<\/p>\n<p>Por otro lado, mediante las presentes conclusiones, el usuario se obliga a no reproducir de ninguna forma esta web ni tampoco ninguno de sus contenidos , excepto autorizaci\u00f3n expresa y por escrito de Joguines Bagu\u00e9.<\/p>\n<p>Joguines Bagu\u00e9 no puede controlar la informaci\u00f3n, contenido, productos o servicios facilitados por otros sitios web que tengan establecidos enlaces con destinaci\u00f3n en esta web. Por este motivo, no nos hacemos responsables de cualquier aspecto relativo a estos sitios webs.<\/p>\n<h2>POL\u00cdTICA DE PRIVACIDAD<\/h2>\n<h3>Protecci\u00f3n de datos<\/h3>\n<p>La informaci\u00f3n personal que nos facilite a trav\u00e9s de diferentes formularios, correos electr\u00f3nicos o cualquier otro medio que se presente en este sitio web, pasara a ser introducida en un documento automatizado bajo la responsabilidad de Joguines Bagu\u00e9, y se mantendr\u00e1 confidencial y protegida. En ning\u00fan caso se destinara o utilizara para otros fines, no se entregara a terceras personas sin su consentimiento de acuerdo con los principios de protecci\u00f3n de datos de la ley espa\u00f1ola LOPD (Ley Org\u00e1nica 15\/1999, de 13 de diciembre, de protecci\u00f3n de datos de car\u00e1cter personal y el RD 1720\/2007, de 21 de diciembre, del Reglamento de Desenvolvimiento)<\/p>\n<p>As\u00ed mismo y en cumplimiento del Reglamento General de Protecci\u00f3n de datos RGPD 2016\/679 UE, de 27 de abril de 2016, le informamos que sus datos personales forman parte de nuestros archivos automatizados y no automatizados de clientes, con la finalidad de: responder a la petici\u00f3n de informaci\u00f3n solicitada por usted mediante nuestros formularios de contacto web, prestar el servicio contratado, ofrecer servicios relacionados con los solicitados, enviarle informaci\u00f3n de promociones, subscribirse a nuestra newsletter, comunicar v\u00eda correo electr\u00f3nico, fidelizarte como cliente y realizar tr\u00e1mites administrativos y contables relacionados con el servicio con nosotros.<\/p>\n<p>Para cumplir con las distintas disposiciones legales, hemos establecido diferentes niveles de seguridad para proteger los datos personales que nos facilitan, adoptando todas las medidas t\u00e9cnicas a nuestro alcance para evitar la perdida, el mal uso, la alteraci\u00f3n, el acceso no autorizado y la manipulaci\u00f3n de estos datos personales.<\/p>\n<p>Tiene siempre derecho a ejercer su derecho de acceso, rectificaci\u00f3n, oposici\u00f3n o cancelaci\u00f3n de los datos personales que nos haya proporcionado. Si as\u00ed lo desea, puede ponerse en contacto con nosotros, indicando el derecho que desea ejercer juntamente con una copia del Documento de Identidad a: info@joguinesbague.com.<\/p>\n<p>Mientras no nos comunique el contrario, entenderemos que sus datos no han sido modificados, que usted se compromete a notificarnos cualquier variaci\u00f3n y que tenemos el consentimiento para utilizarlos y poder fidelizar la relaci\u00f3n entre ambas partes.<\/p>\n<h3>C\u00f3mo ejercer tus derechos<\/h3>\n<p>Puede dirigir una comunicaci\u00f3n por escrito al domicilio social de Joaguines Bagu\u00e9 o comunicarse al del correo electr\u00f3nico indicado al principio del Aviso Legal, incluyendo a ambos casos una fotocopia de su DNI o alg\u00fan otro documento identificativo similar, para solicitar el ejercicio de los derechos siguientes:<\/p>\n<ul>\n<li>Derecho a solicitar el acceso a los datos personales: se puede preguntar a Joguines Bagu\u00e9 si est\u00e1 tratando sus datos.<\/li>\n<li>Derecho a solicitar su rectificaci\u00f3n (en caso de que sean incorrectas).<\/li>\n<li>Derecho a solicitar la limitaci\u00f3n de su tratamiento, en este caso solo ser\u00e1n conservados por Joguines Bagu\u00e9 en el ejercicio o defensa de reclamaciones.<\/li>\n<li>Derecho a oponerse al tratamiento: Joguines Bagu\u00e9 dejar\u00e1 de tratar sus datos de la forma que indique, salvo que por motivos leg\u00edtimos imperiosos o de ejercicio o de la defensa de posibles reclamaciones , se tenga que seguir tratando.<\/li>\n<li>Derecho a la portabilidad de los datos: En el caso que desee que sus datos sean tratados por otra firma, Joguines Bagu\u00e9 le facilitara la portabilidad de los datos al nuevo responsable.<\/li>\n<li>Derecho a la eliminaci\u00f3n de los datos: Tendr\u00e1 derecho a pedir que eliminen completamente sus datos, salvo que por imperativos legales se borren despu\u00e9s de su confirmaci\u00f3n.<\/li>\n<\/ul>\n<p>Pod\u00e9is encontrar m\u00e1s informaci\u00f3n sobre los modelos, formularios y sobre sus derechos visitando la p\u00e1gina oficial de la Agencia Espa\u00f1ola de Protecci\u00f3n de Datos.<\/p>\n<ul>\n<li>Posibilidad de retirar el consentimiento: en el caso que hayan otorgado el consentimiento por alguna finalidad especifica, tiene derecho a retirarlo en cualquier momento, sin que esto afecte la licitud del tratamiento basado en el consentimiento previo a su retirada.<\/li>\n<li>Como reclamar ante la Autoridad de Control. Si considera que hay un problema con el m\u00e9todo en que Joguines Bagu\u00e9 esta tratando sus datos, puede dirigir sus reclamaciones al responsable de seguridad de joguinesbague.com o a la autoridad de protecci\u00f3n de datos que le corresponda, siendo la Agencia Espa\u00f1ola de Protecci\u00f3n de Datos, la indicada en el caso de Espa\u00f1a.<\/li>\n<li>Derecho al olvido y acceso a sus datos personales. En todo momento tendr\u00e1 derecho a revisar, recuperar, anonimizar o borrar totalmente o parcialmente los datos almazenados en el lugar web. Solo tiene que enviar un correo electr\u00f3nico a info@joguinesbague.com y solicitarlo.<\/li>\n<\/ul>\n<p>\u00bfQu\u00e9 informaci\u00f3n recogemos de los usuarios porque la utilizamos?<\/p>\n<ul>\n<li>Todos los productos y servicios ofrecidos en el sitio web joguinesbague.com remiten a formularios de contacto.<\/li>\n<li>Este sitio web siempre requiere el consentimiento previo de los usuarios para tratar sus datos personales con las finalidades indicadas.<\/li>\n<li>Tiene derecho a revocar su consentimiento previo en cualquier momento.<\/li>\n<\/ul>\n<h2>Redes sociales<\/h2>\n<h3>Presencia en redes<\/h3>\n<p>Joguines Bagu\u00e9 cuenta con perfiles en algunas de las principales redes sociales de Internet.<\/p>\n<h3>Finalidad de la legitimaci\u00f3n.<\/h3>\n<p>El tratamiento de Joguines Bagu\u00e9 se llevar\u00e1 a cabo con los datos dentro de cada una de las referidas redes, ser\u00e1 como m\u00e1ximo, el que la red social permita a los perfiles corporativos. As\u00ed pues, Joguines Bagu\u00e9 podr\u00e1 informar cuando la ley no lo proh\u00edba, a sus seguidores para cualquiera v\u00eda que la red social permita sobre sus actividades, ponencias, ofertas y prestar servicio personalizado de atenci\u00f3n al cliente.<\/p>\n<h3>Extracci\u00f3n de datos<\/h3>\n<p>En ning\u00fan caso Joguines Bagu\u00e9, extraer\u00e1 datos de las redes sociales, salvo que se obtuviera puntualmente y de expreso consentimiento.<\/p>\n<h3>Derechos<\/h3>\n<p>Cuando, a causa de la propia naturaleza de las redes sociales, el ejercicio efectivo de los derechos de protecci\u00f3n de datos del seguidor queda supeditado a la modificaci\u00f3n del perfil personal de este, Joguines Bagu\u00e9 le ayudara y aconsejara en la medida de sus posibilidades.<\/p>\n<h2>Ley aplicable y jurisdiccional<\/h2>\n<p>En car\u00e1cter general, las relaciones entre Joguines Bagu\u00e9 con los usuarios de sus servicios telem\u00e1ticos presentes en el sitio web, se encuentran sometidas a la legislaci\u00f3n y jurisdicci\u00f3n espa\u00f1olas.<\/p>\n\t\t\t\t\t\t\t\t<\/div>\n\t\t\t\t<\/div>\n\t\t\t\t\t<\/div>\n\t\t<\/div>\n\t\t\t\t\t<\/div>\n\t\t<\/section>\n\t\t\t\t<\/div>\n\t\t","protected":false},"excerpt":{"rendered":"<p>En cumplimiento de la Ley 34\/2002, de 11 de julio, de servicios de la sociedad de la informaci\u00f3n y de comercio electr\u00f3nico, le informamos que la tienda online&nbsp;https:\/\/www.joguinesbague.com es propiedad de Imma Bagu\u00e9 Combis ( Joguines Bagu\u00e9) con la tienda f\u00edsica y domicilio fiscal en Plaza Francesc Maci\u00e0 n\u00ba2, 17100 La Bisbal d&#8217;Empord\u00e0 ( Girona), [&hellip;]<\/p>\n","protected":false},"author":1,"featured_media":0,"parent":0,"menu_order":0,"comment_status":"closed","ping_status":"closed","template":"elementor_header_footer","meta":{"_acf_changed":false,"footnotes":""},"class_list":["post-5645","page","type-page","status-publish","hentry"],"acf":[],"yoast_head":"<!-- This site is optimized with the Yoast SEO plugin v27.2 - https:\/\/yoast.com\/product\/yoast-seo-wordpress\/ -->\n<title>Pol\u00edtica de privacidad - Joguines Bagu\u00e9<\/title>\n<meta name=\"robots\" content=\"noindex, nofollow\" \/>\n<meta property=\"og:locale\" content=\"es_ES\" \/>\n<meta property=\"og:type\" content=\"article\" \/>\n<meta property=\"og:title\" content=\"Pol\u00edtica de privacidad - Joguines Bagu\u00e9\" \/>\n<meta property=\"og:description\" content=\"En cumplimiento de la Ley 34\/2002, de 11 de julio, de servicios de la sociedad de la informaci\u00f3n y de comercio electr\u00f3nico, le informamos que la tienda online&nbsp;https:\/\/www.joguinesbague.com es propiedad de Imma Bagu\u00e9 Combis ( Joguines Bagu\u00e9) con la tienda f\u00edsica y domicilio fiscal en Plaza Francesc Maci\u00e0 n\u00ba2, 17100 La Bisbal d&#8217;Empord\u00e0 ( Girona), [&hellip;]\" \/>\n<meta property=\"og:url\" content=\"https:\/\/www.joguinesbague.com\/es\/politica-de-privacidad\/\" \/>\n<meta property=\"og:site_name\" content=\"Joguines Bagu\u00e9\" \/>\n<meta property=\"article:publisher\" content=\"https:\/\/www.facebook.com\/Joguines-Bagu%c3%a9-112374270472618\" \/>\n<meta name=\"twitter:card\" content=\"summary_large_image\" \/>\n<meta name=\"twitter:label1\" content=\"Tiempo de lectura\" \/>\n\t<meta name=\"twitter:data1\" content=\"9 minutos\" \/>\n<script type=\"application\/ld+json\" class=\"yoast-schema-graph\">{\"@context\":\"https:\/\/schema.org\",\"@graph\":[{\"@type\":\"WebPage\",\"@id\":\"https:\/\/www.joguinesbague.com\/es\/politica-de-privacidad\/\",\"url\":\"https:\/\/www.joguinesbague.com\/es\/politica-de-privacidad\/\",\"name\":\"Pol\u00edtica de privacidad - Joguines Bagu\u00e9\",\"isPartOf\":{\"@id\":\"https:\/\/www.joguinesbague.com\/es\/#website\"},\"datePublished\":\"2021-08-05T10:34:59+00:00\",\"breadcrumb\":{\"@id\":\"https:\/\/www.joguinesbague.com\/es\/politica-de-privacidad\/#breadcrumb\"},\"inLanguage\":\"es\",\"potentialAction\":[{\"@type\":\"ReadAction\",\"target\":[\"https:\/\/www.joguinesbague.com\/es\/politica-de-privacidad\/\"]}]},{\"@type\":\"BreadcrumbList\",\"@id\":\"https:\/\/www.joguinesbague.com\/es\/politica-de-privacidad\/#breadcrumb\",\"itemListElement\":[{\"@type\":\"ListItem\",\"position\":1,\"name\":\"Inicio\",\"item\":\"https:\/\/www.joguinesbague.com\/es\/\"},{\"@type\":\"ListItem\",\"position\":2,\"name\":\"Pol\u00edtica de privacidad\"}]},{\"@type\":\"WebSite\",\"@id\":\"https:\/\/www.joguinesbague.com\/es\/#website\",\"url\":\"https:\/\/www.joguinesbague.com\/es\/\",\"name\":\"Joguines Bagu\u00e9\",\"description\":\"Tienda de juguetes en la Bisbal d'Empord\u00e0\",\"publisher\":{\"@id\":\"https:\/\/www.joguinesbague.com\/es\/#organization\"},\"potentialAction\":[{\"@type\":\"SearchAction\",\"target\":{\"@type\":\"EntryPoint\",\"urlTemplate\":\"https:\/\/www.joguinesbague.com\/es\/?s={search_term_string}\"},\"query-input\":{\"@type\":\"PropertyValueSpecification\",\"valueRequired\":true,\"valueName\":\"search_term_string\"}}],\"inLanguage\":\"es\"},{\"@type\":\"Organization\",\"@id\":\"https:\/\/www.joguinesbague.com\/es\/#organization\",\"name\":\"Joguines Bagu\u00e9\",\"url\":\"https:\/\/www.joguinesbague.com\/es\/\",\"logo\":{\"@type\":\"ImageObject\",\"inLanguage\":\"es\",\"@id\":\"https:\/\/www.joguinesbague.com\/es\/#\/schema\/logo\/image\/\",\"url\":\"https:\/\/www.joguinesbague.com\/wp-content\/uploads\/2020\/09\/AF-logotip-bague-02-e1599126400733.png\",\"contentUrl\":\"https:\/\/www.joguinesbague.com\/wp-content\/uploads\/2020\/09\/AF-logotip-bague-02-e1599126400733.png\",\"width\":1024,\"height\":419,\"caption\":\"Joguines Bagu\u00e9\"},\"image\":{\"@id\":\"https:\/\/www.joguinesbague.com\/es\/#\/schema\/logo\/image\/\"},\"sameAs\":[\"https:\/\/www.facebook.com\/Joguines-Bagu\u00e9-112374270472618\",\"https:\/\/www.instagram.com\/joguinesbague\"]}]}<\/script>\n<!-- \/ Yoast SEO plugin. -->","yoast_head_json":{"title":"Pol\u00edtica de privacidad - Joguines Bagu\u00e9","robots":{"index":"noindex","follow":"nofollow"},"og_locale":"es_ES","og_type":"article","og_title":"Pol\u00edtica de privacidad - Joguines Bagu\u00e9","og_description":"En cumplimiento de la Ley 34\/2002, de 11 de julio, de servicios de la sociedad de la informaci\u00f3n y de comercio electr\u00f3nico, le informamos que la tienda online&nbsp;https:\/\/www.joguinesbague.com es propiedad de Imma Bagu\u00e9 Combis ( Joguines Bagu\u00e9) con la tienda f\u00edsica y domicilio fiscal en Plaza Francesc Maci\u00e0 n\u00ba2, 17100 La Bisbal d&#8217;Empord\u00e0 ( Girona), [&hellip;]","og_url":"https:\/\/www.joguinesbague.com\/es\/politica-de-privacidad\/","og_site_name":"Joguines Bagu\u00e9","article_publisher":"https:\/\/www.facebook.com\/Joguines-Bagu%c3%a9-112374270472618","twitter_card":"summary_large_image","twitter_misc":{"Tiempo de lectura":"9 minutos"},"schema":{"@context":"https:\/\/schema.org","@graph":[{"@type":"WebPage","@id":"https:\/\/www.joguinesbague.com\/es\/politica-de-privacidad\/","url":"https:\/\/www.joguinesbague.com\/es\/politica-de-privacidad\/","name":"Pol\u00edtica de privacidad - Joguines Bagu\u00e9","isPartOf":{"@id":"https:\/\/www.joguinesbague.com\/es\/#website"},"datePublished":"2021-08-05T10:34:59+00:00","breadcrumb":{"@id":"https:\/\/www.joguinesbague.com\/es\/politica-de-privacidad\/#breadcrumb"},"inLanguage":"es","potentialAction":[{"@type":"ReadAction","target":["https:\/\/www.joguinesbague.com\/es\/politica-de-privacidad\/"]}]},{"@type":"BreadcrumbList","@id":"https:\/\/www.joguinesbague.com\/es\/politica-de-privacidad\/#breadcrumb","itemListElement":[{"@type":"ListItem","position":1,"name":"Inicio","item":"https:\/\/www.joguinesbague.com\/es\/"},{"@type":"ListItem","position":2,"name":"Pol\u00edtica de privacidad"}]},{"@type":"WebSite","@id":"https:\/\/www.joguinesbague.com\/es\/#website","url":"https:\/\/www.joguinesbague.com\/es\/","name":"Joguines Bagu\u00e9","description":"Tienda de juguetes en la Bisbal d'Empord\u00e0","publisher":{"@id":"https:\/\/www.joguinesbague.com\/es\/#organization"},"potentialAction":[{"@type":"SearchAction","target":{"@type":"EntryPoint","urlTemplate":"https:\/\/www.joguinesbague.com\/es\/?s={search_term_string}"},"query-input":{"@type":"PropertyValueSpecification","valueRequired":true,"valueName":"search_term_string"}}],"inLanguage":"es"},{"@type":"Organization","@id":"https:\/\/www.joguinesbague.com\/es\/#organization","name":"Joguines Bagu\u00e9","url":"https:\/\/www.joguinesbague.com\/es\/","logo":{"@type":"ImageObject","inLanguage":"es","@id":"https:\/\/www.joguinesbague.com\/es\/#\/schema\/logo\/image\/","url":"https:\/\/www.joguinesbague.com\/wp-content\/uploads\/2020\/09\/AF-logotip-bague-02-e1599126400733.png","contentUrl":"https:\/\/www.joguinesbague.com\/wp-content\/uploads\/2020\/09\/AF-logotip-bague-02-e1599126400733.png","width":1024,"height":419,"caption":"Joguines Bagu\u00e9"},"image":{"@id":"https:\/\/www.joguinesbague.com\/es\/#\/schema\/logo\/image\/"},"sameAs":["https:\/\/www.facebook.com\/Joguines-Bagu\u00e9-112374270472618","https:\/\/www.instagram.com\/joguinesbague"]}]}},"_links":{"self":[{"href":"https:\/\/www.joguinesbague.com\/es\/wp-json\/wp\/v2\/pages\/5645","targetHints":{"allow":["GET"]}}],"collection":[{"href":"https:\/\/www.joguinesbague.com\/es\/wp-json\/wp\/v2\/pages"}],"about":[{"href":"https:\/\/www.joguinesbague.com\/es\/wp-json\/wp\/v2\/types\/page"}],"author":[{"embeddable":true,"href":"https:\/\/www.joguinesbague.com\/es\/wp-json\/wp\/v2\/users\/1"}],"replies":[{"embeddable":true,"href":"https:\/\/www.joguinesbague.com\/es\/wp-json\/wp\/v2\/comments?post=5645"}],"version-history":[{"count":1,"href":"https:\/\/www.joguinesbague.com\/es\/wp-json\/wp\/v2\/pages\/5645\/revisions"}],"predecessor-version":[{"id":5646,"href":"https:\/\/www.joguinesbague.com\/es\/wp-json\/wp\/v2\/pages\/5645\/revisions\/5646"}],"wp:attachment":[{"href":"https:\/\/www.joguinesbague.com\/es\/wp-json\/wp\/v2\/media?parent=5645"}],"curies":[{"name":"wp","href":"https:\/\/api.w.org\/{rel}","templated":true}]}}