{"id":5640,"date":"2021-08-03T19:56:13","date_gmt":"2021-08-03T17:56:13","guid":{"rendered":"https:\/\/www.joguinesbague.com\/politica-de-cookies\/"},"modified":"2021-09-09T15:40:03","modified_gmt":"2021-09-09T13:40:03","slug":"politica-de-cookies","status":"publish","type":"page","link":"https:\/\/www.joguinesbague.com\/es\/politica-de-cookies\/","title":{"rendered":"Pol\u00edtica de cookies"},"content":{"rendered":"\t\t<div data-elementor-type=\"wp-page\" data-elementor-id=\"5640\" class=\"elementor elementor-5640 elementor-3402\" data-elementor-post-type=\"page\">\n\t\t\t\t\t\t<section class=\"elementor-section elementor-top-section elementor-element elementor-element-1cecf0ef elementor-section-full_width elementor-section-height-default elementor-section-height-default\" data-id=\"1cecf0ef\" data-element_type=\"section\" data-e-type=\"section\">\n\t\t\t\t\t\t<div class=\"elementor-container elementor-column-gap-default\">\n\t\t\t\t\t<div class=\"elementor-column elementor-col-100 elementor-top-column elementor-element elementor-element-3a3d2d27\" data-id=\"3a3d2d27\" data-element_type=\"column\" data-e-type=\"column\">\n\t\t\t<div class=\"elementor-widget-wrap elementor-element-populated\">\n\t\t\t\t\t\t<div class=\"elementor-element elementor-element-459e2abf elementor-widget elementor-widget-text-editor\" data-id=\"459e2abf\" data-element_type=\"widget\" data-e-type=\"widget\" data-widget_type=\"text-editor.default\">\n\t\t\t\t<div class=\"elementor-widget-container\">\n\t\t\t\t\t\t\t\t\t<h2>\u00bfQu\u00e9 son las cookies?<\/h2>\n<p>Las cookies son archivos que se descargan en los ordenadores para acceder a determinadas p\u00e1ginas web.<br \/>\nLas cookies son utilizadas por las p\u00e1ginas web para diferenciar los diferentes usuarios que aceden y poder recuperar informaciones obtenidas para posteriores visitas.<\/p>\n<p>Las cookies nos permiten entre otras cosas:<\/p>\n<ul>\n<li>Guardar el nombre de usuario y contrase\u00f1a para evitar volver a introducirlas.<\/li>\n<li>Obtener informaci\u00f3n sobre los h\u00e1bitos de navegaci\u00f3n del usuario.<\/li>\n<li>Utilizar opciones de contenido o de dise\u00f1os escogidos anteriormente.<\/li>\n<li>Obtener informaci\u00f3n del ordenador del visitante como la direcci\u00f3n IP, sistema operativo o formas de navegaci\u00f3n.<\/li>\n<li>En ning\u00fan caso se obtienen datos sobre el nombre, apellidos o direcci\u00f3n postal des de donde el usuario se ha conectado.<\/li>\n<\/ul>\n<p>Las cookies generalmente se borran al cerrar el navegador, pero para poder aprovechar al m\u00e1ximo sus funciones, algunas de estas persisten en el disco duro del ordenador y de esta forma pueden ser utilizadas en futuras sesiones.<\/p>\n<p>En todo caso, usted puede permitir, bloquear o eliminar las cookies instaladas en su equipo mediante la configuraci\u00f3n de las opciones de su navegador. Pod\u00e9is encontrar informaci\u00f3n de como hacer-lo en los enlaces que se incluyen a continuaci\u00f3n, siempre que sean los navegadores m\u00e1s comunes.<\/p>\n<ul>\n<li>Explorer: https: \/\/ support.microsoft.com\/es-es\/help\/17442\/windows-internet-explorer-delete-manage-cookies<\/li>\n<li>Firefox: https: \/\/ support.mozilla.org\/es\/kb\/habilitar-y-deshabilitar-cookies-sitios-web-rastrear-preferencias<\/li>\n<li>Chrome: https: \/\/ support. google.com\/chrome\/answer\/95647?hl=es&amp;co=GENIE.Platform=Desktop<\/li>\n<li>Safari: http:\/\/support.apple.com\/kb\/ph5042<br \/>Le informamos de la posibilidad que la desactivaci\u00f3n de alguna cookie impida o dificulte la navegaci\u00f3n o la presentaci\u00f3n de servicios ofrecidos en esta web.<\/li>\n<\/ul>\n<h2>\u00bfQu\u00e9 tipos de cookies se utilizan a este sitio web?<\/h2>\n<p>Cuando accedes en al web de Joguines Bagu\u00e9, le informamos que si sigue navegando se instalan m\u00e1s cookies propias y tambi\u00e9n de terceros correspondientes a las anal\u00edticas de la web (por ejemplo: Google Analytics o herramientas similares) para ayudar al sitio web a analizar el uso que hace mejorar la usabilidad del mismo, en ning\u00fan caso se asocian a datos que puedan llegar a identificarle.<br \/>\nLos datos que se guardan son de car\u00e1cter t\u00e9cnico, preferencias personales, personalizaci\u00f3n de contenidos, etc. El servidor web lo asocia como a una persona, lo hace con su navegador web.<\/p>\n<p>Esta web utiliza cookies propias y de terceros para conseguir que usted tenga una mejor experiencia de navegaci\u00f3n, pueda compartir contenido en las redes sociales, dejar comentarios y para obtener estad\u00edsticas de nuestros usuarios.<\/p>\n<p>Como usuario, puede rechazar el tratamiento de los datos o la informaci\u00f3n bloqueando estas cookies mediante la configuraci\u00f3n apropiada de su navegador. No obstante, tiene que saber que si lo hace, este lugar puede no funcionar adecuadamente.<\/p>\n<p><p>Por esta raz\u00f3n, es importante que lea la presente pol\u00edtica de cookies y comprenda que si contin\u00faa navegando, consideramos que acepta su uso. Pueden cambiar la configuraci\u00f3n de su navegador para ser notificados de la recepci\u00f3n de cookies en su dispositivo o desactivar si lo desea, la capacidad de almacenaje de estas cookies en su dispositivo.<\/p>\n<p><p>A continuaci\u00f3n se incluyen algunos ejemplos de cookies: \u00fanicamente como ejemplo, con identificaci\u00f3n de las cookies m\u00e1s relevantes utilizadas en este sitio web, tanto las propias como las de terceros (Identificaci\u00f3n del tercero contratado o los servicios que se hayan decidido utilizar) y su finalidad:<\/p>\n<p><h3>Cookies propias<\/h3>\n<h4>Cookies estrictamente necesarias<\/h4>\n<p>Cookies de entrada de usuario, cookies de secci\u00f3n de autentificaci\u00f3n o identificaci\u00f3n de usuario, cookies de lenguaje, cookies de aceptaci\u00f3n de pol\u00edtica de privacidad, cookies de seguridad del usuario y cookies de personalizaci\u00f3n de la interfaz del usuario.<\/p>\n<p><p>*Sirven para ofrecer servicios o recordar configuraciones para mejorar su navegaci\u00f3n en nuestro sitio web.<\/p>\n<h4>Cookies de terceros<\/p>\n<h4>\n<p>Google Analytics: an\u00e1lisis web<br \/>N\u00famero de visitas, p\u00e1ginas o secciones visitadas, tiempo de navegaci\u00f3n , sitios web visitados antes de entrar en esta p\u00e1gina y detalles sobre los navegadores utilizados.<\/p>\n<p>*Informes estad\u00edsticas sobre el tr\u00e1nsito de sitios web, su audiencia total i la audiencia en una determinada campa\u00f1a publicitaria.<\/p>\n<p>\u00a0<\/p>\n\t\t\t\t\t\t\t\t<\/div>\n\t\t\t\t<\/div>\n\t\t\t\t\t<\/div>\n\t\t<\/div>\n\t\t\t\t\t<\/div>\n\t\t<\/section>\n\t\t\t\t<\/div>\n\t\t","protected":false},"excerpt":{"rendered":"<p>\u00bfQu\u00e9 son las cookies? Las cookies son archivos que se descargan en los ordenadores para acceder a determinadas p\u00e1ginas web. Las cookies son utilizadas por las p\u00e1ginas web para diferenciar los diferentes usuarios que aceden y poder recuperar informaciones obtenidas para posteriores visitas. Las cookies nos permiten entre otras cosas: Guardar el nombre de usuario [&hellip;]<\/p>\n","protected":false},"author":1,"featured_media":0,"parent":0,"menu_order":0,"comment_status":"closed","ping_status":"closed","template":"elementor_header_footer","meta":{"_acf_changed":false,"footnotes":""},"class_list":["post-5640","page","type-page","status-publish","hentry"],"acf":[],"yoast_head":"<!-- This site is optimized with the Yoast SEO plugin v27.2 - https:\/\/yoast.com\/product\/yoast-seo-wordpress\/ -->\n<title>Pol\u00edtica de cookies - Joguines Bagu\u00e9<\/title>\n<meta name=\"robots\" content=\"noindex, nofollow\" \/>\n<meta property=\"og:locale\" content=\"es_ES\" \/>\n<meta property=\"og:type\" content=\"article\" \/>\n<meta property=\"og:title\" content=\"Pol\u00edtica de cookies - Joguines Bagu\u00e9\" \/>\n<meta property=\"og:description\" content=\"\u00bfQu\u00e9 son las cookies? Las cookies son archivos que se descargan en los ordenadores para acceder a determinadas p\u00e1ginas web. Las cookies son utilizadas por las p\u00e1ginas web para diferenciar los diferentes usuarios que aceden y poder recuperar informaciones obtenidas para posteriores visitas. Las cookies nos permiten entre otras cosas: Guardar el nombre de usuario [&hellip;]\" \/>\n<meta property=\"og:url\" content=\"https:\/\/www.joguinesbague.com\/es\/politica-de-cookies\/\" \/>\n<meta property=\"og:site_name\" content=\"Joguines Bagu\u00e9\" \/>\n<meta property=\"article:publisher\" content=\"https:\/\/www.facebook.com\/Joguines-Bagu%c3%a9-112374270472618\" \/>\n<meta property=\"article:modified_time\" content=\"2021-09-09T13:40:03+00:00\" \/>\n<meta name=\"twitter:card\" content=\"summary_large_image\" \/>\n<meta name=\"twitter:label1\" content=\"Tiempo de lectura\" \/>\n\t<meta name=\"twitter:data1\" content=\"4 minutos\" \/>\n<script type=\"application\/ld+json\" class=\"yoast-schema-graph\">{\"@context\":\"https:\/\/schema.org\",\"@graph\":[{\"@type\":\"WebPage\",\"@id\":\"https:\/\/www.joguinesbague.com\/es\/politica-de-cookies\/\",\"url\":\"https:\/\/www.joguinesbague.com\/es\/politica-de-cookies\/\",\"name\":\"Pol\u00edtica de cookies - Joguines Bagu\u00e9\",\"isPartOf\":{\"@id\":\"https:\/\/www.joguinesbague.com\/es\/#website\"},\"datePublished\":\"2021-08-03T17:56:13+00:00\",\"dateModified\":\"2021-09-09T13:40:03+00:00\",\"breadcrumb\":{\"@id\":\"https:\/\/www.joguinesbague.com\/es\/politica-de-cookies\/#breadcrumb\"},\"inLanguage\":\"es\",\"potentialAction\":[{\"@type\":\"ReadAction\",\"target\":[\"https:\/\/www.joguinesbague.com\/es\/politica-de-cookies\/\"]}]},{\"@type\":\"BreadcrumbList\",\"@id\":\"https:\/\/www.joguinesbague.com\/es\/politica-de-cookies\/#breadcrumb\",\"itemListElement\":[{\"@type\":\"ListItem\",\"position\":1,\"name\":\"Inicio\",\"item\":\"https:\/\/www.joguinesbague.com\/es\/\"},{\"@type\":\"ListItem\",\"position\":2,\"name\":\"Pol\u00edtica de cookies\"}]},{\"@type\":\"WebSite\",\"@id\":\"https:\/\/www.joguinesbague.com\/es\/#website\",\"url\":\"https:\/\/www.joguinesbague.com\/es\/\",\"name\":\"Joguines Bagu\u00e9\",\"description\":\"Tienda de juguetes en la Bisbal d'Empord\u00e0\",\"publisher\":{\"@id\":\"https:\/\/www.joguinesbague.com\/es\/#organization\"},\"potentialAction\":[{\"@type\":\"SearchAction\",\"target\":{\"@type\":\"EntryPoint\",\"urlTemplate\":\"https:\/\/www.joguinesbague.com\/es\/?s={search_term_string}\"},\"query-input\":{\"@type\":\"PropertyValueSpecification\",\"valueRequired\":true,\"valueName\":\"search_term_string\"}}],\"inLanguage\":\"es\"},{\"@type\":\"Organization\",\"@id\":\"https:\/\/www.joguinesbague.com\/es\/#organization\",\"name\":\"Joguines Bagu\u00e9\",\"url\":\"https:\/\/www.joguinesbague.com\/es\/\",\"logo\":{\"@type\":\"ImageObject\",\"inLanguage\":\"es\",\"@id\":\"https:\/\/www.joguinesbague.com\/es\/#\/schema\/logo\/image\/\",\"url\":\"https:\/\/www.joguinesbague.com\/wp-content\/uploads\/2020\/09\/AF-logotip-bague-02-e1599126400733.png\",\"contentUrl\":\"https:\/\/www.joguinesbague.com\/wp-content\/uploads\/2020\/09\/AF-logotip-bague-02-e1599126400733.png\",\"width\":1024,\"height\":419,\"caption\":\"Joguines Bagu\u00e9\"},\"image\":{\"@id\":\"https:\/\/www.joguinesbague.com\/es\/#\/schema\/logo\/image\/\"},\"sameAs\":[\"https:\/\/www.facebook.com\/Joguines-Bagu\u00e9-112374270472618\",\"https:\/\/www.instagram.com\/joguinesbague\"]}]}<\/script>\n<!-- \/ Yoast SEO plugin. -->","yoast_head_json":{"title":"Pol\u00edtica de cookies - Joguines Bagu\u00e9","robots":{"index":"noindex","follow":"nofollow"},"og_locale":"es_ES","og_type":"article","og_title":"Pol\u00edtica de cookies - Joguines Bagu\u00e9","og_description":"\u00bfQu\u00e9 son las cookies? Las cookies son archivos que se descargan en los ordenadores para acceder a determinadas p\u00e1ginas web. Las cookies son utilizadas por las p\u00e1ginas web para diferenciar los diferentes usuarios que aceden y poder recuperar informaciones obtenidas para posteriores visitas. Las cookies nos permiten entre otras cosas: Guardar el nombre de usuario [&hellip;]","og_url":"https:\/\/www.joguinesbague.com\/es\/politica-de-cookies\/","og_site_name":"Joguines Bagu\u00e9","article_publisher":"https:\/\/www.facebook.com\/Joguines-Bagu%c3%a9-112374270472618","article_modified_time":"2021-09-09T13:40:03+00:00","twitter_card":"summary_large_image","twitter_misc":{"Tiempo de lectura":"4 minutos"},"schema":{"@context":"https:\/\/schema.org","@graph":[{"@type":"WebPage","@id":"https:\/\/www.joguinesbague.com\/es\/politica-de-cookies\/","url":"https:\/\/www.joguinesbague.com\/es\/politica-de-cookies\/","name":"Pol\u00edtica de cookies - Joguines Bagu\u00e9","isPartOf":{"@id":"https:\/\/www.joguinesbague.com\/es\/#website"},"datePublished":"2021-08-03T17:56:13+00:00","dateModified":"2021-09-09T13:40:03+00:00","breadcrumb":{"@id":"https:\/\/www.joguinesbague.com\/es\/politica-de-cookies\/#breadcrumb"},"inLanguage":"es","potentialAction":[{"@type":"ReadAction","target":["https:\/\/www.joguinesbague.com\/es\/politica-de-cookies\/"]}]},{"@type":"BreadcrumbList","@id":"https:\/\/www.joguinesbague.com\/es\/politica-de-cookies\/#breadcrumb","itemListElement":[{"@type":"ListItem","position":1,"name":"Inicio","item":"https:\/\/www.joguinesbague.com\/es\/"},{"@type":"ListItem","position":2,"name":"Pol\u00edtica de cookies"}]},{"@type":"WebSite","@id":"https:\/\/www.joguinesbague.com\/es\/#website","url":"https:\/\/www.joguinesbague.com\/es\/","name":"Joguines Bagu\u00e9","description":"Tienda de juguetes en la Bisbal d'Empord\u00e0","publisher":{"@id":"https:\/\/www.joguinesbague.com\/es\/#organization"},"potentialAction":[{"@type":"SearchAction","target":{"@type":"EntryPoint","urlTemplate":"https:\/\/www.joguinesbague.com\/es\/?s={search_term_string}"},"query-input":{"@type":"PropertyValueSpecification","valueRequired":true,"valueName":"search_term_string"}}],"inLanguage":"es"},{"@type":"Organization","@id":"https:\/\/www.joguinesbague.com\/es\/#organization","name":"Joguines Bagu\u00e9","url":"https:\/\/www.joguinesbague.com\/es\/","logo":{"@type":"ImageObject","inLanguage":"es","@id":"https:\/\/www.joguinesbague.com\/es\/#\/schema\/logo\/image\/","url":"https:\/\/www.joguinesbague.com\/wp-content\/uploads\/2020\/09\/AF-logotip-bague-02-e1599126400733.png","contentUrl":"https:\/\/www.joguinesbague.com\/wp-content\/uploads\/2020\/09\/AF-logotip-bague-02-e1599126400733.png","width":1024,"height":419,"caption":"Joguines Bagu\u00e9"},"image":{"@id":"https:\/\/www.joguinesbague.com\/es\/#\/schema\/logo\/image\/"},"sameAs":["https:\/\/www.facebook.com\/Joguines-Bagu\u00e9-112374270472618","https:\/\/www.instagram.com\/joguinesbague"]}]}},"_links":{"self":[{"href":"https:\/\/www.joguinesbague.com\/es\/wp-json\/wp\/v2\/pages\/5640","targetHints":{"allow":["GET"]}}],"collection":[{"href":"https:\/\/www.joguinesbague.com\/es\/wp-json\/wp\/v2\/pages"}],"about":[{"href":"https:\/\/www.joguinesbague.com\/es\/wp-json\/wp\/v2\/types\/page"}],"author":[{"embeddable":true,"href":"https:\/\/www.joguinesbague.com\/es\/wp-json\/wp\/v2\/users\/1"}],"replies":[{"embeddable":true,"href":"https:\/\/www.joguinesbague.com\/es\/wp-json\/wp\/v2\/comments?post=5640"}],"version-history":[{"count":5,"href":"https:\/\/www.joguinesbague.com\/es\/wp-json\/wp\/v2\/pages\/5640\/revisions"}],"predecessor-version":[{"id":6978,"href":"https:\/\/www.joguinesbague.com\/es\/wp-json\/wp\/v2\/pages\/5640\/revisions\/6978"}],"wp:attachment":[{"href":"https:\/\/www.joguinesbague.com\/es\/wp-json\/wp\/v2\/media?parent=5640"}],"curies":[{"name":"wp","href":"https:\/\/api.w.org\/{rel}","templated":true}]}}